{"id":899,"date":"2020-11-20T07:08:51","date_gmt":"2020-11-20T07:08:51","guid":{"rendered":"https:\/\/dev.ecodeco-design.com\/\/?post_type=product&#038;p=899"},"modified":"2022-09-16T08:30:14","modified_gmt":"2022-09-16T08:30:14","slug":"decoration-ladder-old-recycled-teak-wood-2","status":"publish","type":"product","link":"https:\/\/ecodeco-design.com\/no\/product\/decoration-ladder-old-recycled-teak-wood-2\/","title":{"rendered":"Dekorasjonsstige i gammel reksirkulert teak"},"content":{"rendered":"<p><strong>Kode:<\/strong> TGZ001<br \/>\n<strong>Beskrivelse:<\/strong><br \/>\nDekorasjonsstige laget av gammelt resirkulert teak i naturlig farge. Ingen spiker &#8211; treplugger brukes til \u00e5 holde trinnene. Med fem trinn. Perfekt for h\u00e5ndkl\u00e6r p\u00e5 badet eller dekorasjon.<br \/>\n<strong>M\u00e5l: <\/strong><br \/>\n40 (L) x 190 (H) cm<\/p>","protected":false},"excerpt":{"rendered":"<p>Kode: TGZ001 Beskrivelse: Dekorasjonsstige laget av gammelt resirkulert teak i naturlig farge. Ingen spiker &#8211; treplugger brukes til \u00e5 holde trinnene. Med fem trinn. Perfekt for h\u00e5ndkl\u00e6r p\u00e5 badet eller dekorasjon. M\u00e5l: 40 (L) x 190 (H) cm<\/p>\n","protected":false},"featured_media":2031,"template":"","meta":{"om_disable_all_campaigns":false,"_monsterinsights_skip_tracking":false,"_monsterinsights_sitenote_active":false,"_monsterinsights_sitenote_note":"","_monsterinsights_sitenote_category":0},"acf":[],"aioseo_notices":[],"_links":{"self":[{"href":"https:\/\/ecodeco-design.com\/no\/wp-json\/wp\/v2\/product\/899"}],"collection":[{"href":"https:\/\/ecodeco-design.com\/no\/wp-json\/wp\/v2\/product"}],"about":[{"href":"https:\/\/ecodeco-design.com\/no\/wp-json\/wp\/v2\/types\/product"}],"wp:featuredmedia":[{"embeddable":true,"href":"https:\/\/ecodeco-design.com\/no\/wp-json\/wp\/v2\/media\/2031"}],"wp:attachment":[{"href":"https:\/\/ecodeco-design.com\/no\/wp-json\/wp\/v2\/media?parent=899"}],"curies":[{"name":"wp","href":"https:\/\/api.w.org\/{rel}","templated":true}]}}