{"id":875,"date":"2020-11-20T03:18:42","date_gmt":"2020-11-20T03:18:42","guid":{"rendered":"https:\/\/dev.ecodeco-design.com\/\/?post_type=product&#038;p=875"},"modified":"2022-09-13T10:50:49","modified_gmt":"2022-09-13T10:50:49","slug":"umbrella-stand-cream","status":"publish","type":"product","link":"https:\/\/ecodeco-design.com\/no\/product\/umbrella-stand-cream\/","title":{"rendered":"Parasoll fot"},"content":{"rendered":"<p><strong>Kode:<\/strong> RAM001<br \/>\n<strong>Beskrivelse:<\/strong><br \/>\nH\u00e5ndlaget parasollfot hugget ut av kremfarget sandstein. Den tunge steinen gj\u00f8r at parasollen st\u00e5r st\u00f8tt.<br \/>\n<strong>M\u00e5l:<\/strong><br \/>\n30 (L) x 30 (B) x 30 (H) cm<\/p>","protected":false},"excerpt":{"rendered":"<p>Kode: RAM001 Beskrivelse: H\u00e5ndlaget parasollfot hugget ut av kremfarget sandstein. Den tunge steinen gj\u00f8r at parasollen st\u00e5r st\u00f8tt. M\u00e5l: 30 (L) x 30 (B) x 30 (H) cm<\/p>\n","protected":false},"featured_media":2021,"template":"","meta":{"om_disable_all_campaigns":false,"_monsterinsights_skip_tracking":false,"_monsterinsights_sitenote_active":false,"_monsterinsights_sitenote_note":"","_monsterinsights_sitenote_category":0},"acf":[],"aioseo_notices":[],"_links":{"self":[{"href":"https:\/\/ecodeco-design.com\/no\/wp-json\/wp\/v2\/product\/875"}],"collection":[{"href":"https:\/\/ecodeco-design.com\/no\/wp-json\/wp\/v2\/product"}],"about":[{"href":"https:\/\/ecodeco-design.com\/no\/wp-json\/wp\/v2\/types\/product"}],"wp:featuredmedia":[{"embeddable":true,"href":"https:\/\/ecodeco-design.com\/no\/wp-json\/wp\/v2\/media\/2021"}],"wp:attachment":[{"href":"https:\/\/ecodeco-design.com\/no\/wp-json\/wp\/v2\/media?parent=875"}],"curies":[{"name":"wp","href":"https:\/\/api.w.org\/{rel}","templated":true}]}}