{"id":869,"date":"2020-11-20T03:14:39","date_gmt":"2020-11-20T03:14:39","guid":{"rendered":"https:\/\/dev.ecodeco-design.com\/\/?post_type=product&#038;p=869"},"modified":"2022-09-17T18:59:41","modified_gmt":"2022-09-17T18:59:41","slug":"black-200-cm","status":"publish","type":"product","link":"https:\/\/ecodeco-design.com\/no\/product\/black-200-cm\/","title":{"rendered":"Sort parasoll med gullfarget dekor"},"content":{"rendered":"<p><strong>Kode:<\/strong> DWS004<br \/>\n<strong>Beskrivelse:<\/strong><br \/>\nSvart parasoll med h\u00e5ndmalt gullfarget dekor. Treverket i den brune stangen og toppdekorasjonen har h\u00e5ndlagde utskj\u00e6ringer som er malt i gullfarge. Elegant snordekor. Stangen kan deles, og det gj\u00f8r oppbevaring enklere.<br \/>\n<strong>M\u00e5l: <\/strong><br \/>\nDia. 200 cm<\/p>","protected":false},"excerpt":{"rendered":"<p>Kode: DWS004 Beskrivelse: Svart parasoll med h\u00e5ndmalt gullfarget dekor. Treverket i den brune stangen og toppdekorasjonen har h\u00e5ndlagde utskj\u00e6ringer som er malt i gullfarge. Elegant snordekor. Stangen kan deles, og det gj\u00f8r oppbevaring enklere. M\u00e5l: Dia. 200 cm<\/p>\n","protected":false},"featured_media":2002,"template":"","meta":{"om_disable_all_campaigns":false,"_monsterinsights_skip_tracking":false,"_monsterinsights_sitenote_active":false,"_monsterinsights_sitenote_note":"","_monsterinsights_sitenote_category":0},"acf":[],"aioseo_notices":[],"_links":{"self":[{"href":"https:\/\/ecodeco-design.com\/no\/wp-json\/wp\/v2\/product\/869"}],"collection":[{"href":"https:\/\/ecodeco-design.com\/no\/wp-json\/wp\/v2\/product"}],"about":[{"href":"https:\/\/ecodeco-design.com\/no\/wp-json\/wp\/v2\/types\/product"}],"wp:featuredmedia":[{"embeddable":true,"href":"https:\/\/ecodeco-design.com\/no\/wp-json\/wp\/v2\/media\/2002"}],"wp:attachment":[{"href":"https:\/\/ecodeco-design.com\/no\/wp-json\/wp\/v2\/media?parent=869"}],"curies":[{"name":"wp","href":"https:\/\/api.w.org\/{rel}","templated":true}]}}