{"id":859,"date":"2020-11-20T03:00:32","date_gmt":"2020-11-20T03:00:32","guid":{"rendered":"https:\/\/dev.ecodeco-design.com\/\/?post_type=product&#038;p=859"},"modified":"2022-09-16T10:12:38","modified_gmt":"2022-09-16T10:12:38","slug":"bamboo-natural","status":"publish","type":"product","link":"https:\/\/ecodeco-design.com\/no\/product\/bamboo-natural\/","title":{"rendered":"Decoration ladder bamboo natural"},"content":{"rendered":"<p><strong>Kode:<\/strong> AXL004<br \/>\n<strong>Beskrivelse:<\/strong><br \/>\nDekorasjonsstige laget av bambus i naturlig farge. Med fem trinn. Perfekt for h\u00e5ndkl\u00e6r p\u00e5 badet eller dekorasjon.<br \/>\n<strong>Measurement:<\/strong><br \/>\n42 (B) nederst \/ 32 (B) topp x 200 (H) cm<\/p>","protected":false},"excerpt":{"rendered":"<p>Kode: AXL004 Beskrivelse: Dekorasjonsstige laget av bambus i naturlig farge. Med fem trinn. Perfekt for h\u00e5ndkl\u00e6r p\u00e5 badet eller dekorasjon. Measurement: 42 (B) nederst \/ 32 (B) topp x 200 (H) cm<\/p>\n","protected":false},"featured_media":2032,"template":"","meta":{"om_disable_all_campaigns":false,"_monsterinsights_skip_tracking":false,"_monsterinsights_sitenote_active":false,"_monsterinsights_sitenote_note":"","_monsterinsights_sitenote_category":0},"acf":[],"aioseo_notices":[],"_links":{"self":[{"href":"https:\/\/ecodeco-design.com\/no\/wp-json\/wp\/v2\/product\/859"}],"collection":[{"href":"https:\/\/ecodeco-design.com\/no\/wp-json\/wp\/v2\/product"}],"about":[{"href":"https:\/\/ecodeco-design.com\/no\/wp-json\/wp\/v2\/types\/product"}],"wp:featuredmedia":[{"embeddable":true,"href":"https:\/\/ecodeco-design.com\/no\/wp-json\/wp\/v2\/media\/2032"}],"wp:attachment":[{"href":"https:\/\/ecodeco-design.com\/no\/wp-json\/wp\/v2\/media?parent=859"}],"curies":[{"name":"wp","href":"https:\/\/api.w.org\/{rel}","templated":true}]}}