{"id":847,"date":"2020-11-19T07:17:02","date_gmt":"2020-11-19T07:17:02","guid":{"rendered":"https:\/\/dev.ecodeco-design.com\/\/?post_type=product&#038;p=847"},"modified":"2022-08-04T09:57:44","modified_gmt":"2022-08-04T09:57:44","slug":"white-wash-waste-basket-with-lid","status":"publish","type":"product","link":"https:\/\/ecodeco-design.com\/no\/product\/white-wash-waste-basket-with-lid\/","title":{"rendered":"Papirkurv sylinder med lokk"},"content":{"rendered":"<p><strong>Kode:<\/strong> LOM025<br \/>\n<strong>Beskrivelse:<\/strong><br \/>\nLombok kurv flettet for h\u00e5nd med ata str\u00e5 og rattan. Hvit fargevask og ferniss f\u00e5r str\u00e5enes naturlige farge til \u00e5 skinne gjennom p\u00e5 en vakker m\u00e5te. Gir gjenstanden varig holdbarhet og et vakkert eksklusivt preg.<br \/>\n<strong>M\u00e5l:<\/strong><br \/>\n23 (dia) x 28 (H) cm<\/p>","protected":false},"excerpt":{"rendered":"<p>Kode: LOM025 Beskrivelse: Lombok kurv flettet for h\u00e5nd med ata str\u00e5 og rattan. Hvit fargevask og ferniss f\u00e5r str\u00e5enes naturlige farge til \u00e5 skinne gjennom p\u00e5 en vakker m\u00e5te. Gir gjenstanden varig holdbarhet og et vakkert eksklusivt preg. M\u00e5l: 23 (dia) x 28 (H) cm<\/p>\n","protected":false},"featured_media":1764,"template":"","meta":{"om_disable_all_campaigns":false,"_monsterinsights_skip_tracking":false,"_monsterinsights_sitenote_active":false,"_monsterinsights_sitenote_note":"","_monsterinsights_sitenote_category":0},"acf":[],"aioseo_notices":[],"_links":{"self":[{"href":"https:\/\/ecodeco-design.com\/no\/wp-json\/wp\/v2\/product\/847"}],"collection":[{"href":"https:\/\/ecodeco-design.com\/no\/wp-json\/wp\/v2\/product"}],"about":[{"href":"https:\/\/ecodeco-design.com\/no\/wp-json\/wp\/v2\/types\/product"}],"wp:featuredmedia":[{"embeddable":true,"href":"https:\/\/ecodeco-design.com\/no\/wp-json\/wp\/v2\/media\/1764"}],"wp:attachment":[{"href":"https:\/\/ecodeco-design.com\/no\/wp-json\/wp\/v2\/media?parent=847"}],"curies":[{"name":"wp","href":"https:\/\/api.w.org\/{rel}","templated":true}]}}