{"id":792,"date":"2020-11-19T02:40:04","date_gmt":"2020-11-19T02:40:04","guid":{"rendered":"https:\/\/dev.ecodeco-design.com\/\/?post_type=product&#038;p=792"},"modified":"2025-02-24T16:26:08","modified_gmt":"2025-02-24T16:26:08","slug":"tall-cylindrical-lombok-basket-with-lid-3","status":"publish","type":"product","link":"https:\/\/ecodeco-design.com\/no\/product\/tall-cylindrical-lombok-basket-with-lid-3\/","title":{"rendered":"Kleskurv med innfelt h\u00e5ndtak"},"content":{"rendered":"<p><strong>Kode: <\/strong>LOM068 ; LOM 067<br \/>\n<strong>Beskrivelse: <\/strong><br \/>\nKleskurv med lokk og innfelt h\u00e5ndtak. Lombok kurv flettet for h\u00e5nd med ata str\u00e5 og rattan. Flere lag med svart fargevask og ferniss f\u00e5r str\u00e5enes naturlige farge til \u00e5 skinne gjennom p\u00e5 en vakker m\u00e5te. Gir gjenstanden varig holdbarhet og et vakkert eksklusivt preg.<br \/>\n<strong>M\u00e5l: <\/strong><\/p>\n<li>LOM068 &#8211; Medium : 35 (dia) x 50 (H) cm<\/li>\n<li>LOM067 &#8211; Stor : 40 (dia) x 58 (H) cm<\/li>\n<p><\/p>","protected":false},"excerpt":{"rendered":"<p>Kode: LOM068 ; LOM 067 Beskrivelse: Kleskurv med lokk og innfelt h\u00e5ndtak. Lombok kurv flettet for h\u00e5nd med ata str\u00e5 og rattan. Flere lag med svart fargevask og ferniss f\u00e5r str\u00e5enes naturlige farge til \u00e5 skinne gjennom p\u00e5 en vakker m\u00e5te. Gir gjenstanden varig holdbarhet og et vakkert eksklusivt preg. M\u00e5l: LOM068 &#8211; Medium : [&hellip;]<\/p>\n","protected":false},"featured_media":1672,"template":"","meta":{"om_disable_all_campaigns":false,"_monsterinsights_skip_tracking":false,"_monsterinsights_sitenote_active":false,"_monsterinsights_sitenote_note":"","_monsterinsights_sitenote_category":0},"acf":[],"aioseo_notices":[],"_links":{"self":[{"href":"https:\/\/ecodeco-design.com\/no\/wp-json\/wp\/v2\/product\/792"}],"collection":[{"href":"https:\/\/ecodeco-design.com\/no\/wp-json\/wp\/v2\/product"}],"about":[{"href":"https:\/\/ecodeco-design.com\/no\/wp-json\/wp\/v2\/types\/product"}],"wp:featuredmedia":[{"embeddable":true,"href":"https:\/\/ecodeco-design.com\/no\/wp-json\/wp\/v2\/media\/1672"}],"wp:attachment":[{"href":"https:\/\/ecodeco-design.com\/no\/wp-json\/wp\/v2\/media?parent=792"}],"curies":[{"name":"wp","href":"https:\/\/api.w.org\/{rel}","templated":true}]}}