{"id":772,"date":"2020-11-19T02:26:15","date_gmt":"2020-11-19T02:26:15","guid":{"rendered":"https:\/\/dev.ecodeco-design.com\/\/?post_type=product&#038;p=772"},"modified":"2022-08-02T12:31:38","modified_gmt":"2022-08-02T12:31:38","slug":"tray-organizer","status":"publish","type":"product","link":"https:\/\/ecodeco-design.com\/no\/product\/tray-organizer\/","title":{"rendered":"Brett med fire rom"},"content":{"rendered":"<p><strong>Kode:<\/strong> LOM052<br \/>\n<strong>Beskrivelse:<\/strong><br \/>\nBrettordner med fire rom &#8211; ogs\u00e5 ideell til bestikk. Lombok kurv flettet for h\u00e5nd med ata str\u00e5 og rattan. Hvit fargevask og ferniss f\u00e5r str\u00e5enes naturlige farge til \u00e5 skinne gjennom p\u00e5 en vakker m\u00e5te. Gir gjenstanden varig holdbarhet og et vakkert eksklusivt preg.<br \/>\n<strong>M\u00e5l: <\/strong><br \/>\n35 (L) x 25 (B) x 5 (H) cm<\/p>","protected":false},"excerpt":{"rendered":"<p>Kode: LOM052 Beskrivelse: Brettordner med fire rom &#8211; ogs\u00e5 ideell til bestikk. Lombok kurv flettet for h\u00e5nd med ata str\u00e5 og rattan. Hvit fargevask og ferniss f\u00e5r str\u00e5enes naturlige farge til \u00e5 skinne gjennom p\u00e5 en vakker m\u00e5te. Gir gjenstanden varig holdbarhet og et vakkert eksklusivt preg. M\u00e5l: 35 (L) x 25 (B) x 5 [&hellip;]<\/p>\n","protected":false},"featured_media":1752,"template":"","meta":{"om_disable_all_campaigns":false,"_monsterinsights_skip_tracking":false,"_monsterinsights_sitenote_active":false,"_monsterinsights_sitenote_note":"","_monsterinsights_sitenote_category":0},"acf":[],"aioseo_notices":[],"_links":{"self":[{"href":"https:\/\/ecodeco-design.com\/no\/wp-json\/wp\/v2\/product\/772"}],"collection":[{"href":"https:\/\/ecodeco-design.com\/no\/wp-json\/wp\/v2\/product"}],"about":[{"href":"https:\/\/ecodeco-design.com\/no\/wp-json\/wp\/v2\/types\/product"}],"wp:featuredmedia":[{"embeddable":true,"href":"https:\/\/ecodeco-design.com\/no\/wp-json\/wp\/v2\/media\/1752"}],"wp:attachment":[{"href":"https:\/\/ecodeco-design.com\/no\/wp-json\/wp\/v2\/media?parent=772"}],"curies":[{"name":"wp","href":"https:\/\/api.w.org\/{rel}","templated":true}]}}