{"id":762,"date":"2020-11-19T02:19:47","date_gmt":"2020-11-19T02:19:47","guid":{"rendered":"https:\/\/dev.ecodeco-design.com\/\/?post_type=product&#038;p=762"},"modified":"2025-02-25T10:26:39","modified_gmt":"2025-02-25T10:26:39","slug":"storage-boxes","status":"publish","type":"product","link":"https:\/\/ecodeco-design.com\/no\/product\/storage-boxes\/","title":{"rendered":"Oppbevaringsboks liten \/ lang"},"content":{"rendered":"<p><strong>Kode:<\/strong> LOM035 ; LOM001<br \/>\n<strong>Beskrivelse:<\/strong><br \/>\nRektangul\u00e6r oppbevaringsboks med innfelt h\u00e5ndtak &#8211; liten eller lang.  Lombok kurv flettet for h\u00e5nd med ata str\u00e5 og rattan. Gr\u00e5 fargevask og ferniss f\u00e5r str\u00e5enes naturlige farge til \u00e5 skinne gjennom p\u00e5 en vakker m\u00e5te. Gir gjenstanden varig holdbarhet og et vakkert eksklusivt preg.<br \/>\n<strong>M\u00e5l:<\/strong><\/p>\n<ul>\n<li>LOM035 &#8211; Liten : 22 (L) x 16 (B) x 14 (H) cm<\/li>\n<li>LOM001 &#8211; Lang : 32 (L) x 16 (B) x 14 (H) cm<\/li>\n<\/ul>\n<p><\/p>","protected":false},"excerpt":{"rendered":"<p>Kode: LOM035 ; LOM001 Beskrivelse: Rektangul\u00e6r oppbevaringsboks med innfelt h\u00e5ndtak &#8211; liten eller lang. Lombok kurv flettet for h\u00e5nd med ata str\u00e5 og rattan. Gr\u00e5 fargevask og ferniss f\u00e5r str\u00e5enes naturlige farge til \u00e5 skinne gjennom p\u00e5 en vakker m\u00e5te. Gir gjenstanden varig holdbarhet og et vakkert eksklusivt preg. M\u00e5l: LOM035 &#8211; Liten : 22 [&hellip;]<\/p>\n","protected":false},"featured_media":2220,"template":"","meta":{"om_disable_all_campaigns":false,"_monsterinsights_skip_tracking":false,"_monsterinsights_sitenote_active":false,"_monsterinsights_sitenote_note":"","_monsterinsights_sitenote_category":0},"acf":[],"aioseo_notices":[],"_links":{"self":[{"href":"https:\/\/ecodeco-design.com\/no\/wp-json\/wp\/v2\/product\/762"}],"collection":[{"href":"https:\/\/ecodeco-design.com\/no\/wp-json\/wp\/v2\/product"}],"about":[{"href":"https:\/\/ecodeco-design.com\/no\/wp-json\/wp\/v2\/types\/product"}],"wp:featuredmedia":[{"embeddable":true,"href":"https:\/\/ecodeco-design.com\/no\/wp-json\/wp\/v2\/media\/2220"}],"wp:attachment":[{"href":"https:\/\/ecodeco-design.com\/no\/wp-json\/wp\/v2\/media?parent=762"}],"curies":[{"name":"wp","href":"https:\/\/api.w.org\/{rel}","templated":true}]}}