{"id":758,"date":"2020-11-19T02:17:46","date_gmt":"2020-11-19T02:17:46","guid":{"rendered":"https:\/\/dev.ecodeco-design.com\/\/?post_type=product&#038;p=758"},"modified":"2022-08-02T09:39:08","modified_gmt":"2022-08-02T09:39:08","slug":"rectangular-storage-box-with-inlaid-handles-3","status":"publish","type":"product","link":"https:\/\/ecodeco-design.com\/no\/product\/rectangular-storage-box-with-inlaid-handles-3\/","title":{"rendered":"Oppbevaringsboks rektangul\u00e6r lav"},"content":{"rendered":"<p><strong>Kode:<\/strong> LOM041<br \/>\n<strong>Beskrivelse:<\/strong><br \/>\nRektangul\u00e6r lav oppbevaringsboks med innfelt h\u00e5ndtak. Lombok kurv flettet for h\u00e5nd med ata str\u00e5 og rattan. Gr\u00e5 fargevask og ferniss f\u00e5r str\u00e5enes naturlige farge til \u00e5 skinne gjennom p\u00e5 en vakker m\u00e5te. Gir gjenstanden varig holdbarhet og et vakkert eksklusivt preg.<br \/>\n<strong>M\u00e5l:<\/strong><br \/>\n25 (L) x 20 (B) x 8 (H)cm<\/p>","protected":false},"excerpt":{"rendered":"<p>Kode: LOM041 Beskrivelse: Rektangul\u00e6r lav oppbevaringsboks med innfelt h\u00e5ndtak. Lombok kurv flettet for h\u00e5nd med ata str\u00e5 og rattan. Gr\u00e5 fargevask og ferniss f\u00e5r str\u00e5enes naturlige farge til \u00e5 skinne gjennom p\u00e5 en vakker m\u00e5te. Gir gjenstanden varig holdbarhet og et vakkert eksklusivt preg. M\u00e5l: 25 (L) x 20 (B) x 8 (H)cm<\/p>\n","protected":false},"featured_media":1744,"template":"","meta":{"om_disable_all_campaigns":false,"_monsterinsights_skip_tracking":false,"_monsterinsights_sitenote_active":false,"_monsterinsights_sitenote_note":"","_monsterinsights_sitenote_category":0},"acf":[],"aioseo_notices":[],"_links":{"self":[{"href":"https:\/\/ecodeco-design.com\/no\/wp-json\/wp\/v2\/product\/758"}],"collection":[{"href":"https:\/\/ecodeco-design.com\/no\/wp-json\/wp\/v2\/product"}],"about":[{"href":"https:\/\/ecodeco-design.com\/no\/wp-json\/wp\/v2\/types\/product"}],"wp:featuredmedia":[{"embeddable":true,"href":"https:\/\/ecodeco-design.com\/no\/wp-json\/wp\/v2\/media\/1744"}],"wp:attachment":[{"href":"https:\/\/ecodeco-design.com\/no\/wp-json\/wp\/v2\/media?parent=758"}],"curies":[{"name":"wp","href":"https:\/\/api.w.org\/{rel}","templated":true}]}}