{"id":738,"date":"2020-11-19T02:04:45","date_gmt":"2020-11-19T02:04:45","guid":{"rendered":"https:\/\/dev.ecodeco-design.com\/\/?post_type=product&#038;p=738"},"modified":"2025-02-25T10:21:08","modified_gmt":"2025-02-25T10:21:08","slug":"accessory-holders","status":"publish","type":"product","link":"https:\/\/ecodeco-design.com\/no\/product\/accessory-holders\/","title":{"rendered":"Sylinderholder"},"content":{"rendered":"<p><strong>Kode:<\/strong> LOM034 ; LOM004<br \/>\n<strong>Beskrivelse:<\/strong><br \/>\nTil bestikk, kj\u00f8kkenverkt\u00f8y, skrivebordet \u2013 og til badet. Lombok kurv flettet for h\u00e5nd med ata str\u00e5 og rattan. Gr\u00e5 fargevask og ferniss f\u00e5r str\u00e5enes naturlige farge til \u00e5 skinne gjennom p\u00e5 en vakker m\u00e5te. Gir gjenstanden varig holdbarhet og et vakkert eksklusivt preg.<br \/>\n<strong>M\u00e5l: <\/strong><\/p>\n<li>LOM034 &#8211; Liten : 8 (dia) x 11 (H) cm<\/li>\n<li>LOM004 &#8211; Medium : 11 (dia) x 13 (H) cm<\/li>\n<p><\/p>","protected":false},"excerpt":{"rendered":"<p>Kode: LOM034 ; LOM004 Beskrivelse: Til bestikk, kj\u00f8kkenverkt\u00f8y, skrivebordet \u2013 og til badet. Lombok kurv flettet for h\u00e5nd med ata str\u00e5 og rattan. Gr\u00e5 fargevask og ferniss f\u00e5r str\u00e5enes naturlige farge til \u00e5 skinne gjennom p\u00e5 en vakker m\u00e5te. Gir gjenstanden varig holdbarhet og et vakkert eksklusivt preg. M\u00e5l: LOM034 &#8211; Liten : 8 (dia) [&hellip;]<\/p>\n","protected":false},"featured_media":2215,"template":"","meta":{"om_disable_all_campaigns":false,"_monsterinsights_skip_tracking":false,"_monsterinsights_sitenote_active":false,"_monsterinsights_sitenote_note":"","_monsterinsights_sitenote_category":0},"acf":[],"aioseo_notices":[],"_links":{"self":[{"href":"https:\/\/ecodeco-design.com\/no\/wp-json\/wp\/v2\/product\/738"}],"collection":[{"href":"https:\/\/ecodeco-design.com\/no\/wp-json\/wp\/v2\/product"}],"about":[{"href":"https:\/\/ecodeco-design.com\/no\/wp-json\/wp\/v2\/types\/product"}],"wp:featuredmedia":[{"embeddable":true,"href":"https:\/\/ecodeco-design.com\/no\/wp-json\/wp\/v2\/media\/2215"}],"wp:attachment":[{"href":"https:\/\/ecodeco-design.com\/no\/wp-json\/wp\/v2\/media?parent=738"}],"curies":[{"name":"wp","href":"https:\/\/api.w.org\/{rel}","templated":true}]}}