{"id":726,"date":"2020-11-18T07:04:17","date_gmt":"2020-11-18T07:04:17","guid":{"rendered":"https:\/\/dev.ecodeco-design.com\/\/?post_type=product&#038;p=726"},"modified":"2025-02-27T14:14:04","modified_gmt":"2025-02-27T14:14:04","slug":"norwegian-small-round-cylinder-holder","status":"publish","type":"product","link":"https:\/\/ecodeco-design.com\/no\/product\/norwegian-small-round-cylinder-holder\/","title":{"rendered":"Sylinderholder"},"content":{"rendered":"<p><strong>Kode:<\/strong> BB067 ; BB186 ; BB218<br \/>\n<strong>Beskrivelse:<\/strong><br \/>\nTil bestikk, kj\u00f8kkenverkt\u00f8y, skrivebordet \u2013 og til badet. Kurv fra Bali med gode bruksegenskaper og lekker svartlakkert farge. Str\u00e5ene splittes f\u00f8r gjenstanden flettes for h\u00e5nd. Deretter blir kurven solt\u00f8rket og r\u00f8ykbehandlet. Legges s\u00e5 i sort fargebad med h\u00f8y temperatur.<br \/>\n<strong>M\u00e5l:<\/strong><\/p>\n<li>BB067 &#8211; Liten : 7 (dia) x 10 (H) cm <\/li>\n<li>BB186 &#8211; Medium : 10 (dia) x 12 (H) cm <\/li>\n<li>BB218 &#8211; Stor : 12 (dia) x 15 (H) cm <\/li>\n<p><\/p>","protected":false},"excerpt":{"rendered":"<p>Kode: BB067 ; BB186 ; BB218 Beskrivelse: Til bestikk, kj\u00f8kkenverkt\u00f8y, skrivebordet \u2013 og til badet. Kurv fra Bali med gode bruksegenskaper og lekker svartlakkert farge. Str\u00e5ene splittes f\u00f8r gjenstanden flettes for h\u00e5nd. Deretter blir kurven solt\u00f8rket og r\u00f8ykbehandlet. Legges s\u00e5 i sort fargebad med h\u00f8y temperatur. M\u00e5l: BB067 &#8211; Liten : 7 (dia) x 10 [&hellip;]<\/p>\n","protected":false},"featured_media":1654,"template":"","meta":{"om_disable_all_campaigns":false,"_monsterinsights_skip_tracking":false,"_monsterinsights_sitenote_active":false,"_monsterinsights_sitenote_note":"","_monsterinsights_sitenote_category":0},"acf":[],"aioseo_notices":[],"_links":{"self":[{"href":"https:\/\/ecodeco-design.com\/no\/wp-json\/wp\/v2\/product\/726"}],"collection":[{"href":"https:\/\/ecodeco-design.com\/no\/wp-json\/wp\/v2\/product"}],"about":[{"href":"https:\/\/ecodeco-design.com\/no\/wp-json\/wp\/v2\/types\/product"}],"wp:featuredmedia":[{"embeddable":true,"href":"https:\/\/ecodeco-design.com\/no\/wp-json\/wp\/v2\/media\/1654"}],"wp:attachment":[{"href":"https:\/\/ecodeco-design.com\/no\/wp-json\/wp\/v2\/media?parent=726"}],"curies":[{"name":"wp","href":"https:\/\/api.w.org\/{rel}","templated":true}]}}