{"id":725,"date":"2020-11-18T07:03:11","date_gmt":"2020-11-18T07:03:11","guid":{"rendered":"https:\/\/dev.ecodeco-design.com\/\/?post_type=product&#038;p=725"},"modified":"2025-02-27T14:32:27","modified_gmt":"2025-02-27T14:32:27","slug":"small-kleenex-box","status":"publish","type":"product","link":"https:\/\/ecodeco-design.com\/no\/product\/small-kleenex-box\/","title":{"rendered":"Kleenexboks rektangul\u00e6r"},"content":{"rendered":"<p><strong>Kode:<\/strong> BB009 ; BB008<br \/>\n<strong>Beskrivelse:<\/strong><br \/>\nKurv fra Bali med gode bruksegenskaper og lekker svartlakkert farge. Str\u00e5ene splittes f\u00f8r gjenstanden flettes for h\u00e5nd. Deretter blir kurven solt\u00f8rket og r\u00f8ykbehandlet. Legges s\u00e5 i sort fargebad med h\u00f8y temperatur.<br \/>\n<strong>M\u00e5l:<\/strong> <\/p>\n<li>BB009 &#8211; Liten : 24 (L) x 12 (B) x 7 (H) cm<\/li>\n<li>BB008 &#8211; Medium : 27 (L) x 14 (B) x 8 (H) cm<\/li>\n<p><\/p>","protected":false},"excerpt":{"rendered":"<p>Kode: BB009 ; BB008 Beskrivelse: Kurv fra Bali med gode bruksegenskaper og lekker svartlakkert farge. Str\u00e5ene splittes f\u00f8r gjenstanden flettes for h\u00e5nd. Deretter blir kurven solt\u00f8rket og r\u00f8ykbehandlet. Legges s\u00e5 i sort fargebad med h\u00f8y temperatur. M\u00e5l: BB009 &#8211; Liten : 24 (L) x 12 (B) x 7 (H) cm BB008 &#8211; Medium : 27 [&hellip;]<\/p>\n","protected":false},"featured_media":1731,"template":"","meta":{"om_disable_all_campaigns":false,"_monsterinsights_skip_tracking":false,"_monsterinsights_sitenote_active":false,"_monsterinsights_sitenote_note":"","_monsterinsights_sitenote_category":0},"acf":[],"aioseo_notices":[],"_links":{"self":[{"href":"https:\/\/ecodeco-design.com\/no\/wp-json\/wp\/v2\/product\/725"}],"collection":[{"href":"https:\/\/ecodeco-design.com\/no\/wp-json\/wp\/v2\/product"}],"about":[{"href":"https:\/\/ecodeco-design.com\/no\/wp-json\/wp\/v2\/types\/product"}],"wp:featuredmedia":[{"embeddable":true,"href":"https:\/\/ecodeco-design.com\/no\/wp-json\/wp\/v2\/media\/1731"}],"wp:attachment":[{"href":"https:\/\/ecodeco-design.com\/no\/wp-json\/wp\/v2\/media?parent=725"}],"curies":[{"name":"wp","href":"https:\/\/api.w.org\/{rel}","templated":true}]}}