{"id":718,"date":"2020-11-18T06:58:09","date_gmt":"2020-11-18T06:58:09","guid":{"rendered":"https:\/\/dev.ecodeco-design.com\/\/?post_type=product&#038;p=718"},"modified":"2025-02-27T14:35:49","modified_gmt":"2025-02-27T14:35:49","slug":"rectangular-storage-box-with-inlaid-handles-2","status":"publish","type":"product","link":"https:\/\/ecodeco-design.com\/no\/product\/rectangular-storage-box-with-inlaid-handles-2\/","title":{"rendered":"Oppbevaringsboks med innfelt h\u00e5ndtak liten \/ lang"},"content":{"rendered":"<p><strong>Kode:<\/strong> BB188 ; BB187<br \/>\n<strong>Beskrivelse:<\/strong><br \/>\nRektangul\u00e6r oppbevaringsboks i to st\u00f8rrelser. Kurv fra Bali med gode bruksegenskaper og lekker svartlakkert farge. Str\u00e5ene splittes f\u00f8r gjenstanden flettes for h\u00e5nd. Deretter blir kurven solt\u00f8rket og r\u00f8ykbehandlet. Legges s\u00e5 i sort fargebad med h\u00f8y temperatur.<br \/>\n<strong>M\u00e5l:<\/strong> <\/p>\n<li>BB188 &#8211; Liten : 20 (L) x 15 (B) x 13 (H) cm<\/li>\n<li>BB187 &#8211; Lang : 30 (L) x 15 (B) x 13 (H) cm<\/li>\n<p><\/p>","protected":false},"excerpt":{"rendered":"<p>Kode: BB188 ; BB187 Beskrivelse: Rektangul\u00e6r oppbevaringsboks i to st\u00f8rrelser. Kurv fra Bali med gode bruksegenskaper og lekker svartlakkert farge. Str\u00e5ene splittes f\u00f8r gjenstanden flettes for h\u00e5nd. Deretter blir kurven solt\u00f8rket og r\u00f8ykbehandlet. Legges s\u00e5 i sort fargebad med h\u00f8y temperatur. M\u00e5l: BB188 &#8211; Liten : 20 (L) x 15 (B) x 13 (H) cm [&hellip;]<\/p>\n","protected":false},"featured_media":719,"template":"","meta":{"om_disable_all_campaigns":false,"_monsterinsights_skip_tracking":false,"_monsterinsights_sitenote_active":false,"_monsterinsights_sitenote_note":"","_monsterinsights_sitenote_category":0},"acf":[],"aioseo_notices":[],"_links":{"self":[{"href":"https:\/\/ecodeco-design.com\/no\/wp-json\/wp\/v2\/product\/718"}],"collection":[{"href":"https:\/\/ecodeco-design.com\/no\/wp-json\/wp\/v2\/product"}],"about":[{"href":"https:\/\/ecodeco-design.com\/no\/wp-json\/wp\/v2\/types\/product"}],"wp:featuredmedia":[{"embeddable":true,"href":"https:\/\/ecodeco-design.com\/no\/wp-json\/wp\/v2\/media\/719"}],"wp:attachment":[{"href":"https:\/\/ecodeco-design.com\/no\/wp-json\/wp\/v2\/media?parent=718"}],"curies":[{"name":"wp","href":"https:\/\/api.w.org\/{rel}","templated":true}]}}