{"id":710,"date":"2020-11-18T06:52:55","date_gmt":"2020-11-18T06:52:55","guid":{"rendered":"https:\/\/dev.ecodeco-design.com\/\/?post_type=product&#038;p=710"},"modified":"2025-02-27T14:22:01","modified_gmt":"2025-02-27T14:22:01","slug":"rectangular-boxes-in-3-sizes-2","status":"publish","type":"product","link":"https:\/\/ecodeco-design.com\/no\/product\/rectangular-boxes-in-3-sizes-2\/","title":{"rendered":"Boks \u00e5pen rektangul\u00e6r"},"content":{"rendered":"<p><strong>Kode:<\/strong> BB046 ; BB045 ; BB044<br \/>\n<strong>Beskrivelse:<\/strong><br \/>\n\u00c5pen rektangul\u00e6r boks i tre st\u00f8rrelser. Kurv fra Bali med gode bruksegenskaper og lekker svartlakkert farge. Str\u00e5ene splittes f\u00f8r gjenstanden flettes for h\u00e5nd. Deretter blir kurven solt\u00f8rket og r\u00f8ykbehandlet. Legges s\u00e5 i sort fargebad med h\u00f8y temperatur.<br \/>\n<strong>M\u00e5l:<\/strong><\/p>\n<ul>\n<li>BB046 &#8211; Liten : 22(L) x 8(B) x 4(H) cm<\/li>\n<li>BB045 &#8211; Medium : 25(L) x 17(B) x 5(H) cm<\/li>\n<li>BB044 &#8211; Stor : 36(L) x 25(B) x 6(H) cm<\/li>\n<\/ul>\n<p><\/p>","protected":false},"excerpt":{"rendered":"<p>Kode: BB046 ; BB045 ; BB044 Beskrivelse: \u00c5pen rektangul\u00e6r boks i tre st\u00f8rrelser. Kurv fra Bali med gode bruksegenskaper og lekker svartlakkert farge. Str\u00e5ene splittes f\u00f8r gjenstanden flettes for h\u00e5nd. Deretter blir kurven solt\u00f8rket og r\u00f8ykbehandlet. Legges s\u00e5 i sort fargebad med h\u00f8y temperatur. M\u00e5l: BB046 &#8211; Liten : 22(L) x 8(B) x 4(H) cm [&hellip;]<\/p>\n","protected":false},"featured_media":711,"template":"","meta":{"om_disable_all_campaigns":false,"_monsterinsights_skip_tracking":false,"_monsterinsights_sitenote_active":false,"_monsterinsights_sitenote_note":"","_monsterinsights_sitenote_category":0},"acf":[],"aioseo_notices":[],"_links":{"self":[{"href":"https:\/\/ecodeco-design.com\/no\/wp-json\/wp\/v2\/product\/710"}],"collection":[{"href":"https:\/\/ecodeco-design.com\/no\/wp-json\/wp\/v2\/product"}],"about":[{"href":"https:\/\/ecodeco-design.com\/no\/wp-json\/wp\/v2\/types\/product"}],"wp:featuredmedia":[{"embeddable":true,"href":"https:\/\/ecodeco-design.com\/no\/wp-json\/wp\/v2\/media\/711"}],"wp:attachment":[{"href":"https:\/\/ecodeco-design.com\/no\/wp-json\/wp\/v2\/media?parent=710"}],"curies":[{"name":"wp","href":"https:\/\/api.w.org\/{rel}","templated":true}]}}