{"id":704,"date":"2020-11-18T06:48:58","date_gmt":"2020-11-18T06:48:58","guid":{"rendered":"https:\/\/dev.ecodeco-design.com\/\/?post_type=product&#038;p=704"},"modified":"2022-07-27T11:57:15","modified_gmt":"2022-07-27T11:57:15","slug":"oval-jewelry-box-2","status":"publish","type":"product","link":"https:\/\/ecodeco-design.com\/no\/product\/oval-jewelry-box-2\/","title":{"rendered":"Smykkeskrin oval"},"content":{"rendered":"<p><strong>Kode:<\/strong> BB028<br \/>\n<strong>Beskrivelse:<\/strong><br \/>\nOvalt smykkeskrin med lokk og hempe. Kurv fra Bali med gode bruksegenskaper og lekker svartlakkert farge. Str\u00e5ene splittes f\u00f8r gjenstanden flettes for h\u00e5nd. Deretter blir kurven solt\u00f8rket og r\u00f8ykbehandlet. Legges s\u00e5 i sort fargebad med h\u00f8y temperatur.<br \/>\n<strong>M\u00e5l:<\/strong><br \/>\n14 (L) x 10 (B) x 6 (H) cm<\/p>","protected":false},"excerpt":{"rendered":"<p>Kode: BB028 Beskrivelse: Ovalt smykkeskrin med lokk og hempe. Kurv fra Bali med gode bruksegenskaper og lekker svartlakkert farge. Str\u00e5ene splittes f\u00f8r gjenstanden flettes for h\u00e5nd. Deretter blir kurven solt\u00f8rket og r\u00f8ykbehandlet. Legges s\u00e5 i sort fargebad med h\u00f8y temperatur. M\u00e5l: 14 (L) x 10 (B) x 6 (H) cm<\/p>\n","protected":false},"featured_media":705,"template":"","meta":{"om_disable_all_campaigns":false,"_monsterinsights_skip_tracking":false,"_monsterinsights_sitenote_active":false,"_monsterinsights_sitenote_note":"","_monsterinsights_sitenote_category":0},"acf":[],"aioseo_notices":[],"_links":{"self":[{"href":"https:\/\/ecodeco-design.com\/no\/wp-json\/wp\/v2\/product\/704"}],"collection":[{"href":"https:\/\/ecodeco-design.com\/no\/wp-json\/wp\/v2\/product"}],"about":[{"href":"https:\/\/ecodeco-design.com\/no\/wp-json\/wp\/v2\/types\/product"}],"wp:featuredmedia":[{"embeddable":true,"href":"https:\/\/ecodeco-design.com\/no\/wp-json\/wp\/v2\/media\/705"}],"wp:attachment":[{"href":"https:\/\/ecodeco-design.com\/no\/wp-json\/wp\/v2\/media?parent=704"}],"curies":[{"name":"wp","href":"https:\/\/api.w.org\/{rel}","templated":true}]}}