{"id":690,"date":"2020-11-18T06:38:49","date_gmt":"2020-11-18T06:38:49","guid":{"rendered":"https:\/\/dev.ecodeco-design.com\/\/?post_type=product&#038;p=690"},"modified":"2022-07-27T11:13:43","modified_gmt":"2022-07-27T11:13:43","slug":"large-pizza-tray","status":"publish","type":"product","link":"https:\/\/ecodeco-design.com\/no\/product\/large-pizza-tray\/","title":{"rendered":"Brett rundt"},"content":{"rendered":"<p><strong>Kode:<\/strong> BB059<br \/>\n<strong>Beskrivelse:<\/strong><br \/>\nElegant serveringsfat eller pizzabrett. Kurv fra Bali med gode bruksegenskaper og lekker svartlakkert farge. Str\u00e5ene splittes f\u00f8r gjenstanden flettes for h\u00e5nd. Deretter blir kurven solt\u00f8rket og r\u00f8ykbehandlet. Legges s\u00e5 i sort fargebad med h\u00f8y temperatur.<br \/>\n<strong>M\u00e5l:<\/strong><br \/>\nMedium \u2013 38 (dia) x 3 (H) cm<\/p>","protected":false},"excerpt":{"rendered":"<p>Kode: BB059 Beskrivelse: Elegant serveringsfat eller pizzabrett. Kurv fra Bali med gode bruksegenskaper og lekker svartlakkert farge. Str\u00e5ene splittes f\u00f8r gjenstanden flettes for h\u00e5nd. Deretter blir kurven solt\u00f8rket og r\u00f8ykbehandlet. Legges s\u00e5 i sort fargebad med h\u00f8y temperatur. M\u00e5l: Medium \u2013 38 (dia) x 3 (H) cm<\/p>\n","protected":false},"featured_media":691,"template":"","meta":{"om_disable_all_campaigns":false,"_monsterinsights_skip_tracking":false,"_monsterinsights_sitenote_active":false,"_monsterinsights_sitenote_note":"","_monsterinsights_sitenote_category":0},"acf":[],"aioseo_notices":[],"_links":{"self":[{"href":"https:\/\/ecodeco-design.com\/no\/wp-json\/wp\/v2\/product\/690"}],"collection":[{"href":"https:\/\/ecodeco-design.com\/no\/wp-json\/wp\/v2\/product"}],"about":[{"href":"https:\/\/ecodeco-design.com\/no\/wp-json\/wp\/v2\/types\/product"}],"wp:featuredmedia":[{"embeddable":true,"href":"https:\/\/ecodeco-design.com\/no\/wp-json\/wp\/v2\/media\/691"}],"wp:attachment":[{"href":"https:\/\/ecodeco-design.com\/no\/wp-json\/wp\/v2\/media?parent=690"}],"curies":[{"name":"wp","href":"https:\/\/api.w.org\/{rel}","templated":true}]}}