{"id":682,"date":"2020-11-18T06:31:02","date_gmt":"2020-11-18T06:31:02","guid":{"rendered":"https:\/\/dev.ecodeco-design.com\/\/?post_type=product&#038;p=682"},"modified":"2022-07-27T13:49:25","modified_gmt":"2022-07-27T13:49:25","slug":"double-wine-bottle-holder-with-handle-2","status":"publish","type":"product","link":"https:\/\/ecodeco-design.com\/no\/product\/double-wine-bottle-holder-with-handle-2\/","title":{"rendered":"Oppbevaringsboks med midtstilt h\u00e5ndtak"},"content":{"rendered":"<p><strong>Kode:<\/strong> BB141<br \/>\n<strong>Beskrivelse:<\/strong><br \/>\nPerfekt til vinflasker, olje\/eddik og annen oppbevaring p\u00e5 bordet. Kurv fra Bali med gode bruksegenskaper og lekker svartlakkert farge. Str\u00e5ene splittes f\u00f8r gjenstanden flettes for h\u00e5nd. Deretter blir kurven solt\u00f8rket og r\u00f8ykbehandlet. Legges s\u00e5 i sort fargebad med h\u00f8y temperatur.<br \/>\n<strong>M\u00e5l:<\/strong><br \/>\n20 (L) x 15 (B) x 26 (H) cm<\/p>","protected":false},"excerpt":{"rendered":"<p>Kode: BB141 Beskrivelse: Perfekt til vinflasker, olje\/eddik og annen oppbevaring p\u00e5 bordet. Kurv fra Bali med gode bruksegenskaper og lekker svartlakkert farge. Str\u00e5ene splittes f\u00f8r gjenstanden flettes for h\u00e5nd. Deretter blir kurven solt\u00f8rket og r\u00f8ykbehandlet. Legges s\u00e5 i sort fargebad med h\u00f8y temperatur. M\u00e5l: 20 (L) x 15 (B) x 26 (H) cm<\/p>\n","protected":false},"featured_media":683,"template":"","meta":{"om_disable_all_campaigns":false,"_monsterinsights_skip_tracking":false,"_monsterinsights_sitenote_active":false,"_monsterinsights_sitenote_note":"","_monsterinsights_sitenote_category":0},"acf":[],"aioseo_notices":[],"_links":{"self":[{"href":"https:\/\/ecodeco-design.com\/no\/wp-json\/wp\/v2\/product\/682"}],"collection":[{"href":"https:\/\/ecodeco-design.com\/no\/wp-json\/wp\/v2\/product"}],"about":[{"href":"https:\/\/ecodeco-design.com\/no\/wp-json\/wp\/v2\/types\/product"}],"wp:featuredmedia":[{"embeddable":true,"href":"https:\/\/ecodeco-design.com\/no\/wp-json\/wp\/v2\/media\/683"}],"wp:attachment":[{"href":"https:\/\/ecodeco-design.com\/no\/wp-json\/wp\/v2\/media?parent=682"}],"curies":[{"name":"wp","href":"https:\/\/api.w.org\/{rel}","templated":true}]}}