{"id":678,"date":"2020-11-18T06:23:54","date_gmt":"2020-11-18T06:23:54","guid":{"rendered":"https:\/\/dev.ecodeco-design.com\/\/?post_type=product&#038;p=678"},"modified":"2022-07-27T13:54:49","modified_gmt":"2022-07-27T13:54:49","slug":"box-open-with-integrated-handles","status":"publish","type":"product","link":"https:\/\/ecodeco-design.com\/no\/product\/box-open-with-integrated-handles\/","title":{"rendered":"Oppbevaringsboks stor med innfelt h\u00e5ndtak"},"content":{"rendered":"<p><strong>Kode:<\/strong> BB163<br \/>\n<strong>Beskrivelse:<\/strong><br \/>\nFin rektangul\u00e6r oppbevaringsboks til tidsskrifter, papirer og annen oppbevaring. Kurv fra Bali med gode bruksegenskaper og lekker svartlakkert farge. Str\u00e5ene splittes f\u00f8r gjenstanden flettes for h\u00e5nd. Deretter blir kurven solt\u00f8rket og r\u00f8ykbehandlet. Legges s\u00e5 i sort fargebad med h\u00f8y temperatur.<br \/>\n<strong>M\u00e5l:<\/strong><br \/>\n34 (L) x 26 (B) x 14 (H) cm<\/p>","protected":false},"excerpt":{"rendered":"<p>Kode: BB163 Beskrivelse: Fin rektangul\u00e6r oppbevaringsboks til tidsskrifter, papirer og annen oppbevaring. Kurv fra Bali med gode bruksegenskaper og lekker svartlakkert farge. Str\u00e5ene splittes f\u00f8r gjenstanden flettes for h\u00e5nd. Deretter blir kurven solt\u00f8rket og r\u00f8ykbehandlet. Legges s\u00e5 i sort fargebad med h\u00f8y temperatur. M\u00e5l: 34 (L) x 26 (B) x 14 (H) cm<\/p>\n","protected":false},"featured_media":679,"template":"","meta":{"om_disable_all_campaigns":false,"_monsterinsights_skip_tracking":false,"_monsterinsights_sitenote_active":false,"_monsterinsights_sitenote_note":"","_monsterinsights_sitenote_category":0},"acf":[],"aioseo_notices":[],"_links":{"self":[{"href":"https:\/\/ecodeco-design.com\/no\/wp-json\/wp\/v2\/product\/678"}],"collection":[{"href":"https:\/\/ecodeco-design.com\/no\/wp-json\/wp\/v2\/product"}],"about":[{"href":"https:\/\/ecodeco-design.com\/no\/wp-json\/wp\/v2\/types\/product"}],"wp:featuredmedia":[{"embeddable":true,"href":"https:\/\/ecodeco-design.com\/no\/wp-json\/wp\/v2\/media\/679"}],"wp:attachment":[{"href":"https:\/\/ecodeco-design.com\/no\/wp-json\/wp\/v2\/media?parent=678"}],"curies":[{"name":"wp","href":"https:\/\/api.w.org\/{rel}","templated":true}]}}