{"id":672,"date":"2020-11-18T06:16:18","date_gmt":"2020-11-18T06:16:18","guid":{"rendered":"https:\/\/dev.ecodeco-design.com\/\/?post_type=product&#038;p=672"},"modified":"2025-02-27T14:26:01","modified_gmt":"2025-02-27T14:26:01","slug":"3-sizes-square-boxes-with-lid","status":"publish","type":"product","link":"https:\/\/ecodeco-design.com\/no\/product\/3-sizes-square-boxes-with-lid\/","title":{"rendered":"Boks med lokk kvadrat"},"content":{"rendered":"<p><strong>Kode:<\/strong> BB041 ; BB136 ; BB095<br \/>\n<strong>Beskrivelse:<\/strong><br \/>\nKvadratisk boks i tre st\u00f8rrelser. Med lokk og hempe. Kurv fra Bali med gode bruksegenskaper og lekker svartlakkert farge. Str\u00e5ene splittes f\u00f8r gjenstanden flettes for h\u00e5nd. Deretter blir kurven solt\u00f8rket og r\u00f8ykbehandlet. Legges s\u00e5 i sort fargebad med h\u00f8y temperatur.<br \/>\n<strong>M\u00e5l:<\/strong><\/p>\n<ul>\n<li>BB041 &#8211; Liten : 15 (L) x 15 (B) x 9 (H) cm<\/li>\n<li>BB136 &#8211; Medium : 23 (L) x 23 (B) x 11 (H) cm<\/li>\n<li>BB095 &#8211; Stor : 30 (L) x 30 (B) x 15 (H) cm<\/li>\n<\/ul>\n<p><\/p>","protected":false},"excerpt":{"rendered":"<p>Kode: BB041 ; BB136 ; BB095 Beskrivelse: Kvadratisk boks i tre st\u00f8rrelser. Med lokk og hempe. Kurv fra Bali med gode bruksegenskaper og lekker svartlakkert farge. Str\u00e5ene splittes f\u00f8r gjenstanden flettes for h\u00e5nd. Deretter blir kurven solt\u00f8rket og r\u00f8ykbehandlet. Legges s\u00e5 i sort fargebad med h\u00f8y temperatur. M\u00e5l: BB041 &#8211; Liten : 15 (L) x [&hellip;]<\/p>\n","protected":false},"featured_media":673,"template":"","meta":{"om_disable_all_campaigns":false,"_monsterinsights_skip_tracking":false,"_monsterinsights_sitenote_active":false,"_monsterinsights_sitenote_note":"","_monsterinsights_sitenote_category":0},"acf":[],"aioseo_notices":[],"_links":{"self":[{"href":"https:\/\/ecodeco-design.com\/no\/wp-json\/wp\/v2\/product\/672"}],"collection":[{"href":"https:\/\/ecodeco-design.com\/no\/wp-json\/wp\/v2\/product"}],"about":[{"href":"https:\/\/ecodeco-design.com\/no\/wp-json\/wp\/v2\/types\/product"}],"wp:featuredmedia":[{"embeddable":true,"href":"https:\/\/ecodeco-design.com\/no\/wp-json\/wp\/v2\/media\/673"}],"wp:attachment":[{"href":"https:\/\/ecodeco-design.com\/no\/wp-json\/wp\/v2\/media?parent=672"}],"curies":[{"name":"wp","href":"https:\/\/api.w.org\/{rel}","templated":true}]}}