{"id":671,"date":"2020-11-18T06:13:00","date_gmt":"2020-11-18T06:13:00","guid":{"rendered":"https:\/\/dev.ecodeco-design.com\/\/?post_type=product&#038;p=671"},"modified":"2022-07-25T14:13:16","modified_gmt":"2022-07-25T14:13:16","slug":"xl-cylindrical-basket-with-lid","status":"publish","type":"product","link":"https:\/\/ecodeco-design.com\/no\/product\/xl-cylindrical-basket-with-lid\/","title":{"rendered":"Kleskurv XL"},"content":{"rendered":"<p><strong>Kode:<\/strong> BA146<br \/>\n<strong>Beskrivelse:<\/strong><br \/>\nStor kleskurv med lokk. Kurv fra Bali med gode bruksegenskaper og vakker patina. Str\u00e5ene splittes f\u00f8r gjenstanden flettes for h\u00e5nd. Deretter blir kurven solt\u00f8rket og r\u00f8ykbehandlet.<br \/>\n<strong>M\u00e5l:<\/strong><br \/>\n38 (dia) x 55 (H) cm<\/p>","protected":false},"excerpt":{"rendered":"<p>Kode: BA146 Beskrivelse: Stor kleskurv med lokk. Kurv fra Bali med gode bruksegenskaper og vakker patina. Str\u00e5ene splittes f\u00f8r gjenstanden flettes for h\u00e5nd. Deretter blir kurven solt\u00f8rket og r\u00f8ykbehandlet. M\u00e5l: 38 (dia) x 55 (H) cm<\/p>\n","protected":false},"featured_media":657,"template":"","meta":{"om_disable_all_campaigns":false,"_monsterinsights_skip_tracking":false,"_monsterinsights_sitenote_active":false,"_monsterinsights_sitenote_note":"","_monsterinsights_sitenote_category":0},"acf":[],"aioseo_notices":[],"_links":{"self":[{"href":"https:\/\/ecodeco-design.com\/no\/wp-json\/wp\/v2\/product\/671"}],"collection":[{"href":"https:\/\/ecodeco-design.com\/no\/wp-json\/wp\/v2\/product"}],"about":[{"href":"https:\/\/ecodeco-design.com\/no\/wp-json\/wp\/v2\/types\/product"}],"wp:featuredmedia":[{"embeddable":true,"href":"https:\/\/ecodeco-design.com\/no\/wp-json\/wp\/v2\/media\/657"}],"wp:attachment":[{"href":"https:\/\/ecodeco-design.com\/no\/wp-json\/wp\/v2\/media?parent=671"}],"curies":[{"name":"wp","href":"https:\/\/api.w.org\/{rel}","templated":true}]}}