{"id":667,"date":"2020-11-18T06:08:46","date_gmt":"2020-11-18T06:08:46","guid":{"rendered":"https:\/\/dev.ecodeco-design.com\/\/?post_type=product&#038;p=667"},"modified":"2022-07-25T13:31:08","modified_gmt":"2022-07-25T13:31:08","slug":"tall-cylindrical-basket-with-lid","status":"publish","type":"product","link":"https:\/\/ecodeco-design.com\/no\/product\/tall-cylindrical-basket-with-lid\/","title":{"rendered":"Kleskurv smal"},"content":{"rendered":"<p><strong>Kode:<\/strong> BA049<br \/>\n<strong>Beskrivelse:<\/strong><br \/>\nKleskurv med smal design. Kurv fra Bali med gode bruksegenskaper og vakker patina. Str\u00e5ene splittes f\u00f8r gjenstanden flettes for h\u00e5nd. Deretter blir kurven solt\u00f8rket og r\u00f8ykbehandlet.<br \/>\n<strong>M\u00e5l:<\/strong><br \/>\n31 (dia) x 48 (H) cm<\/p>","protected":false},"excerpt":{"rendered":"<p>Kode: BA049 Beskrivelse: Kleskurv med smal design. Kurv fra Bali med gode bruksegenskaper og vakker patina. Str\u00e5ene splittes f\u00f8r gjenstanden flettes for h\u00e5nd. Deretter blir kurven solt\u00f8rket og r\u00f8ykbehandlet. M\u00e5l: 31 (dia) x 48 (H) cm<\/p>\n","protected":false},"featured_media":668,"template":"","meta":{"om_disable_all_campaigns":false,"_monsterinsights_skip_tracking":false,"_monsterinsights_sitenote_active":false,"_monsterinsights_sitenote_note":"","_monsterinsights_sitenote_category":0},"acf":[],"aioseo_notices":[],"_links":{"self":[{"href":"https:\/\/ecodeco-design.com\/no\/wp-json\/wp\/v2\/product\/667"}],"collection":[{"href":"https:\/\/ecodeco-design.com\/no\/wp-json\/wp\/v2\/product"}],"about":[{"href":"https:\/\/ecodeco-design.com\/no\/wp-json\/wp\/v2\/types\/product"}],"wp:featuredmedia":[{"embeddable":true,"href":"https:\/\/ecodeco-design.com\/no\/wp-json\/wp\/v2\/media\/668"}],"wp:attachment":[{"href":"https:\/\/ecodeco-design.com\/no\/wp-json\/wp\/v2\/media?parent=667"}],"curies":[{"name":"wp","href":"https:\/\/api.w.org\/{rel}","templated":true}]}}