{"id":654,"date":"2020-11-18T05:28:36","date_gmt":"2020-11-18T05:28:36","guid":{"rendered":"https:\/\/dev.ecodeco-design.com\/\/?post_type=product&#038;p=654"},"modified":"2022-07-25T13:23:09","modified_gmt":"2022-07-25T13:23:09","slug":"low-rise-cylindrical-basket-with-lid","status":"publish","type":"product","link":"https:\/\/ecodeco-design.com\/no\/product\/low-rise-cylindrical-basket-with-lid\/","title":{"rendered":"Kleskurv lav"},"content":{"rendered":"<p><strong>Kode:<\/strong> BA069<br \/>\n<strong>Beskrivelse:<\/strong><br \/>\nLav kleskurv med lokk. Kurv fra Bali med gode bruksegenskaper og vakker patina. Str\u00e5ene splittes f\u00f8r gjenstanden flettes for h\u00e5nd. Deretter blir kurven solt\u00f8rket og r\u00f8ykbehandlet.<br \/>\n<strong>M\u00e5l:<\/strong><br \/>\n30 (dia) x 32 (H) cm<\/p>","protected":false},"excerpt":{"rendered":"<p>Kode: BA069 Beskrivelse: Lav kleskurv med lokk. Kurv fra Bali med gode bruksegenskaper og vakker patina. Str\u00e5ene splittes f\u00f8r gjenstanden flettes for h\u00e5nd. Deretter blir kurven solt\u00f8rket og r\u00f8ykbehandlet. M\u00e5l: 30 (dia) x 32 (H) cm<\/p>\n","protected":false},"featured_media":655,"template":"","meta":{"om_disable_all_campaigns":false,"_monsterinsights_skip_tracking":false,"_monsterinsights_sitenote_active":false,"_monsterinsights_sitenote_note":"","_monsterinsights_sitenote_category":0},"acf":[],"aioseo_notices":[],"_links":{"self":[{"href":"https:\/\/ecodeco-design.com\/no\/wp-json\/wp\/v2\/product\/654"}],"collection":[{"href":"https:\/\/ecodeco-design.com\/no\/wp-json\/wp\/v2\/product"}],"about":[{"href":"https:\/\/ecodeco-design.com\/no\/wp-json\/wp\/v2\/types\/product"}],"wp:featuredmedia":[{"embeddable":true,"href":"https:\/\/ecodeco-design.com\/no\/wp-json\/wp\/v2\/media\/655"}],"wp:attachment":[{"href":"https:\/\/ecodeco-design.com\/no\/wp-json\/wp\/v2\/media?parent=654"}],"curies":[{"name":"wp","href":"https:\/\/api.w.org\/{rel}","templated":true}]}}