{"id":644,"date":"2020-11-18T02:39:08","date_gmt":"2020-11-18T02:39:08","guid":{"rendered":"https:\/\/dev.ecodeco-design.com\/\/?post_type=product&#038;p=644"},"modified":"2025-02-26T13:28:46","modified_gmt":"2025-02-26T13:28:46","slug":"napkin-rings-either-small-or-large","status":"publish","type":"product","link":"https:\/\/ecodeco-design.com\/no\/product\/napkin-rings-either-small-or-large\/","title":{"rendered":"Serviettring rund"},"content":{"rendered":"<p><strong>Kode:<\/strong> BA030 ; BA051<br \/>\n<strong>Beskrivelse:<\/strong><br \/>\nRund serviettring i to st\u00f8rrelser. Kurv fra Bali med gode bruksegenskaper og vakker patina. Str\u00e5ene splittes f\u00f8r gjenstanden flettes for h\u00e5nd. Deretter blir kurven solt\u00f8rket og r\u00f8ykbehandlet.<br \/>\n<strong>M\u00e5l:<\/strong><\/p>\n<li>BA030 &#8211; Liten : 3,5 (dia) x 4 (H) cm<\/li>\n<li>BA051 &#8211; Stor : 4,5 (dia) x 4 (H) cm<\/li>\n<p><\/p>","protected":false},"excerpt":{"rendered":"<p>Kode: BA030 ; BA051 Beskrivelse: Rund serviettring i to st\u00f8rrelser. Kurv fra Bali med gode bruksegenskaper og vakker patina. Str\u00e5ene splittes f\u00f8r gjenstanden flettes for h\u00e5nd. Deretter blir kurven solt\u00f8rket og r\u00f8ykbehandlet. M\u00e5l: BA030 &#8211; Liten : 3,5 (dia) x 4 (H) cm BA051 &#8211; Stor : 4,5 (dia) x 4 (H) cm<\/p>\n","protected":false},"featured_media":645,"template":"","meta":{"om_disable_all_campaigns":false,"_monsterinsights_skip_tracking":false,"_monsterinsights_sitenote_active":false,"_monsterinsights_sitenote_note":"","_monsterinsights_sitenote_category":0},"acf":[],"aioseo_notices":[],"_links":{"self":[{"href":"https:\/\/ecodeco-design.com\/no\/wp-json\/wp\/v2\/product\/644"}],"collection":[{"href":"https:\/\/ecodeco-design.com\/no\/wp-json\/wp\/v2\/product"}],"about":[{"href":"https:\/\/ecodeco-design.com\/no\/wp-json\/wp\/v2\/types\/product"}],"wp:featuredmedia":[{"embeddable":true,"href":"https:\/\/ecodeco-design.com\/no\/wp-json\/wp\/v2\/media\/645"}],"wp:attachment":[{"href":"https:\/\/ecodeco-design.com\/no\/wp-json\/wp\/v2\/media?parent=644"}],"curies":[{"name":"wp","href":"https:\/\/api.w.org\/{rel}","templated":true}]}}