{"id":642,"date":"2020-11-18T02:37:21","date_gmt":"2020-11-18T02:37:21","guid":{"rendered":"https:\/\/dev.ecodeco-design.com\/\/?post_type=product&#038;p=642"},"modified":"2022-07-25T11:41:13","modified_gmt":"2022-07-25T11:41:13","slug":"bottle-coaster-with-inclined-edge","status":"publish","type":"product","link":"https:\/\/ecodeco-design.com\/no\/product\/bottle-coaster-with-inclined-edge\/","title":{"rendered":"Flaskebrikke med skr\u00e5 kant"},"content":{"rendered":"<p><strong>Kode:<\/strong> BA004<br \/>\n<strong>Beskrivelse:<\/strong><br \/>\nFor karafler og flasker. Kurv fra Bali med gode bruksegenskaper og vakker patina. Str\u00e5ene splittes f\u00f8r gjenstanden flettes for h\u00e5nd. Deretter blir kurven solt\u00f8rket og r\u00f8ykbehandlet.<br \/>\n<strong>M\u00e5l:<\/strong><br \/>\n14 (dia) x 2 (H) cm<\/p>","protected":false},"excerpt":{"rendered":"<p>Kode: BA004 Beskrivelse: For karafler og flasker. Kurv fra Bali med gode bruksegenskaper og vakker patina. Str\u00e5ene splittes f\u00f8r gjenstanden flettes for h\u00e5nd. Deretter blir kurven solt\u00f8rket og r\u00f8ykbehandlet. M\u00e5l: 14 (dia) x 2 (H) cm<\/p>\n","protected":false},"featured_media":643,"template":"","meta":{"om_disable_all_campaigns":false,"_monsterinsights_skip_tracking":false,"_monsterinsights_sitenote_active":false,"_monsterinsights_sitenote_note":"","_monsterinsights_sitenote_category":0},"acf":[],"aioseo_notices":[],"_links":{"self":[{"href":"https:\/\/ecodeco-design.com\/no\/wp-json\/wp\/v2\/product\/642"}],"collection":[{"href":"https:\/\/ecodeco-design.com\/no\/wp-json\/wp\/v2\/product"}],"about":[{"href":"https:\/\/ecodeco-design.com\/no\/wp-json\/wp\/v2\/types\/product"}],"wp:featuredmedia":[{"embeddable":true,"href":"https:\/\/ecodeco-design.com\/no\/wp-json\/wp\/v2\/media\/643"}],"wp:attachment":[{"href":"https:\/\/ecodeco-design.com\/no\/wp-json\/wp\/v2\/media?parent=642"}],"curies":[{"name":"wp","href":"https:\/\/api.w.org\/{rel}","templated":true}]}}