{"id":640,"date":"2020-11-18T02:35:41","date_gmt":"2020-11-18T02:35:41","guid":{"rendered":"https:\/\/dev.ecodeco-design.com\/\/?post_type=product&#038;p=640"},"modified":"2022-07-27T10:20:04","modified_gmt":"2022-07-27T10:20:04","slug":"8-round-coasters-in-a-box","status":"publish","type":"product","link":"https:\/\/ecodeco-design.com\/no\/product\/8-round-coasters-in-a-box\/","title":{"rendered":"Glassbrikkesett &#8211; runde glassbrikker"},"content":{"rendered":"<p><strong>Kode:<\/strong> BA088<br \/>\n<strong>Beskrivelse:<\/strong><br \/>\n\u00c5tte runde glassbrikker i en boks. Kurv fra Bali med gode bruksegenskaper og vakker patina. Str\u00e5ene splittes f\u00f8r gjenstanden flettes for h\u00e5nd. Deretter blir kurven solt\u00f8rket og r\u00f8ykbehandlet.<br \/>\n<strong>M\u00e5l:<\/strong><\/p>\n<li>Boks &#8211; 11 (L) x 7 (B) cm<\/li>\n<li>Glassbrikke &#8211; 10 (dia) cm<\/li>\n<p><\/p>","protected":false},"excerpt":{"rendered":"<p>Kode: BA088 Beskrivelse: \u00c5tte runde glassbrikker i en boks. Kurv fra Bali med gode bruksegenskaper og vakker patina. Str\u00e5ene splittes f\u00f8r gjenstanden flettes for h\u00e5nd. Deretter blir kurven solt\u00f8rket og r\u00f8ykbehandlet. M\u00e5l: Boks &#8211; 11 (L) x 7 (B) cm Glassbrikke &#8211; 10 (dia) cm<\/p>\n","protected":false},"featured_media":641,"template":"","meta":{"om_disable_all_campaigns":false,"_monsterinsights_skip_tracking":false,"_monsterinsights_sitenote_active":false,"_monsterinsights_sitenote_note":"","_monsterinsights_sitenote_category":0},"acf":[],"aioseo_notices":[],"_links":{"self":[{"href":"https:\/\/ecodeco-design.com\/no\/wp-json\/wp\/v2\/product\/640"}],"collection":[{"href":"https:\/\/ecodeco-design.com\/no\/wp-json\/wp\/v2\/product"}],"about":[{"href":"https:\/\/ecodeco-design.com\/no\/wp-json\/wp\/v2\/types\/product"}],"wp:featuredmedia":[{"embeddable":true,"href":"https:\/\/ecodeco-design.com\/no\/wp-json\/wp\/v2\/media\/641"}],"wp:attachment":[{"href":"https:\/\/ecodeco-design.com\/no\/wp-json\/wp\/v2\/media?parent=640"}],"curies":[{"name":"wp","href":"https:\/\/api.w.org\/{rel}","templated":true}]}}