{"id":638,"date":"2020-11-18T02:33:36","date_gmt":"2020-11-18T02:33:36","guid":{"rendered":"https:\/\/dev.ecodeco-design.com\/\/?post_type=product&#038;p=638"},"modified":"2022-07-26T11:58:42","modified_gmt":"2022-07-26T11:58:42","slug":"6-square-coasters-in-a-box","status":"publish","type":"product","link":"https:\/\/ecodeco-design.com\/no\/product\/6-square-coasters-in-a-box\/","title":{"rendered":"Glassbrikkesett &#8211; kvadratiske glassbrikker"},"content":{"rendered":"<p><strong>Kode:<\/strong> BA089<br \/>\n<strong>Beskrivelse:<\/strong><br \/>\nSeks kvadratiske glassbrikker i en boks. Kurv fra Bali med gode bruksegenskaper og vakker patina. Str\u00e5ene splittes f\u00f8r gjenstanden flettes for h\u00e5nd. Deretter blir kurven solt\u00f8rket og r\u00f8ykbehandlet.<br \/>\n<strong>M\u00e5l:<\/strong> <\/p>\n<li>Boks &#8211; 11 (L) x 7 (B)x 10 (H) cm<\/li>\n<li>Glassbrikker &#8211; 10 (L) x 10 (B) cm<\/li>\n<p><\/p>","protected":false},"excerpt":{"rendered":"<p>Kode: BA089 Beskrivelse: Seks kvadratiske glassbrikker i en boks. Kurv fra Bali med gode bruksegenskaper og vakker patina. Str\u00e5ene splittes f\u00f8r gjenstanden flettes for h\u00e5nd. Deretter blir kurven solt\u00f8rket og r\u00f8ykbehandlet. M\u00e5l: Boks &#8211; 11 (L) x 7 (B)x 10 (H) cm Glassbrikker &#8211; 10 (L) x 10 (B) cm<\/p>\n","protected":false},"featured_media":639,"template":"","meta":{"om_disable_all_campaigns":false,"_monsterinsights_skip_tracking":false,"_monsterinsights_sitenote_active":false,"_monsterinsights_sitenote_note":"","_monsterinsights_sitenote_category":0},"acf":[],"aioseo_notices":[],"_links":{"self":[{"href":"https:\/\/ecodeco-design.com\/no\/wp-json\/wp\/v2\/product\/638"}],"collection":[{"href":"https:\/\/ecodeco-design.com\/no\/wp-json\/wp\/v2\/product"}],"about":[{"href":"https:\/\/ecodeco-design.com\/no\/wp-json\/wp\/v2\/types\/product"}],"wp:featuredmedia":[{"embeddable":true,"href":"https:\/\/ecodeco-design.com\/no\/wp-json\/wp\/v2\/media\/639"}],"wp:attachment":[{"href":"https:\/\/ecodeco-design.com\/no\/wp-json\/wp\/v2\/media?parent=638"}],"curies":[{"name":"wp","href":"https:\/\/api.w.org\/{rel}","templated":true}]}}