{"id":636,"date":"2020-11-18T02:24:26","date_gmt":"2020-11-18T02:24:26","guid":{"rendered":"https:\/\/dev.ecodeco-design.com\/\/?post_type=product&#038;p=636"},"modified":"2022-07-27T10:50:05","modified_gmt":"2022-07-27T10:50:05","slug":"rounded-corner-rectangular-place-mat","status":"publish","type":"product","link":"https:\/\/ecodeco-design.com\/no\/product\/rounded-corner-rectangular-place-mat\/","title":{"rendered":"Bordbrikke med avrundede hj\u00f8rner"},"content":{"rendered":"<p><strong>Kode:<\/strong> BA114<br \/>\n<strong>Beskrivelse:<\/strong><br \/>\nRektangul\u00e6r bordbrikke med avrundede hj\u00f8rner. Kurv fra Bali med gode bruksegenskaper og vakker patina. Str\u00e5ene splittes f\u00f8r gjenstanden flettes for h\u00e5nd. Deretter blir kurven solt\u00f8rket og r\u00f8ykbehandlet.<br \/>\n<strong>M\u00e5l:<\/strong><br \/>\n42 (L) x 32 (B) cm<\/p>","protected":false},"excerpt":{"rendered":"<p>Kode: BA114 Beskrivelse: Rektangul\u00e6r bordbrikke med avrundede hj\u00f8rner. Kurv fra Bali med gode bruksegenskaper og vakker patina. Str\u00e5ene splittes f\u00f8r gjenstanden flettes for h\u00e5nd. Deretter blir kurven solt\u00f8rket og r\u00f8ykbehandlet. M\u00e5l: 42 (L) x 32 (B) cm<\/p>\n","protected":false},"featured_media":637,"template":"","meta":{"om_disable_all_campaigns":false,"_monsterinsights_skip_tracking":false,"_monsterinsights_sitenote_active":false,"_monsterinsights_sitenote_note":"","_monsterinsights_sitenote_category":0},"acf":[],"aioseo_notices":[],"_links":{"self":[{"href":"https:\/\/ecodeco-design.com\/no\/wp-json\/wp\/v2\/product\/636"}],"collection":[{"href":"https:\/\/ecodeco-design.com\/no\/wp-json\/wp\/v2\/product"}],"about":[{"href":"https:\/\/ecodeco-design.com\/no\/wp-json\/wp\/v2\/types\/product"}],"wp:featuredmedia":[{"embeddable":true,"href":"https:\/\/ecodeco-design.com\/no\/wp-json\/wp\/v2\/media\/637"}],"wp:attachment":[{"href":"https:\/\/ecodeco-design.com\/no\/wp-json\/wp\/v2\/media?parent=636"}],"curies":[{"name":"wp","href":"https:\/\/api.w.org\/{rel}","templated":true}]}}