{"id":635,"date":"2020-11-18T02:21:17","date_gmt":"2020-11-18T02:21:17","guid":{"rendered":"https:\/\/dev.ecodeco-design.com\/\/?post_type=product&#038;p=635"},"modified":"2022-07-25T11:18:01","modified_gmt":"2022-07-25T11:18:01","slug":"round-small-sized-place-mat","status":"publish","type":"product","link":"https:\/\/ecodeco-design.com\/no\/product\/round-small-sized-place-mat\/","title":{"rendered":"Kjeleunderlag"},"content":{"rendered":"<p><strong>Kode:<\/strong> BA129 ; BA224<br \/>\n<strong>Beskrivelse:<\/strong><br \/>\nKurv fra Bali med gode bruksegenskaper og vakker patina. Str\u00e5ene splittes f\u00f8r gjenstanden flettes for h\u00e5nd. Deretter blir kurven solt\u00f8rket og r\u00f8ykbehandlet.<br \/>\n<strong>M\u00e5l:<\/strong> <\/p>\n<li>Small &#8211; Dia 20 cm <\/li>\n<li>Medium- Dia 24 cm <\/li>\n<p><\/p>","protected":false},"excerpt":{"rendered":"<p>Kode: BA129 ; BA224 Beskrivelse: Kurv fra Bali med gode bruksegenskaper og vakker patina. Str\u00e5ene splittes f\u00f8r gjenstanden flettes for h\u00e5nd. Deretter blir kurven solt\u00f8rket og r\u00f8ykbehandlet. M\u00e5l: Small &#8211; Dia 20 cm Medium- Dia 24 cm<\/p>\n","protected":false},"featured_media":633,"template":"","meta":{"om_disable_all_campaigns":false,"_monsterinsights_skip_tracking":false,"_monsterinsights_sitenote_active":false,"_monsterinsights_sitenote_note":"","_monsterinsights_sitenote_category":0},"acf":[],"aioseo_notices":[],"_links":{"self":[{"href":"https:\/\/ecodeco-design.com\/no\/wp-json\/wp\/v2\/product\/635"}],"collection":[{"href":"https:\/\/ecodeco-design.com\/no\/wp-json\/wp\/v2\/product"}],"about":[{"href":"https:\/\/ecodeco-design.com\/no\/wp-json\/wp\/v2\/types\/product"}],"wp:featuredmedia":[{"embeddable":true,"href":"https:\/\/ecodeco-design.com\/no\/wp-json\/wp\/v2\/media\/633"}],"wp:attachment":[{"href":"https:\/\/ecodeco-design.com\/no\/wp-json\/wp\/v2\/media?parent=635"}],"curies":[{"name":"wp","href":"https:\/\/api.w.org\/{rel}","templated":true}]}}