{"id":632,"date":"2020-11-18T02:18:20","date_gmt":"2020-11-18T02:18:20","guid":{"rendered":"https:\/\/dev.ecodeco-design.com\/\/?post_type=product&#038;p=632"},"modified":"2025-02-26T10:07:45","modified_gmt":"2025-02-26T10:07:45","slug":"round-large-sized-place-mat","status":"publish","type":"product","link":"https:\/\/ecodeco-design.com\/no\/product\/round-large-sized-place-mat\/","title":{"rendered":"Bordbrikke rund"},"content":{"rendered":"<p><strong>Kode:<\/strong> BA002 ; BA189<br \/>\n<strong>Beskrivelse:<\/strong><br \/>\nKurv fra Bali med gode bruksegenskaper og vakker patina. Str\u00e5ene splittes f\u00f8r gjenstanden flettes for h\u00e5nd. Deretter blir kurven solt\u00f8rket og r\u00f8ykbehandlet.<br \/>\n<strong>Measurement:<\/strong> <\/p>\n<li>LOM002 &#8211; Medium : Dia 35 cm<\/li>\n<li>LOM189 &#8211; Stor : Dia 40 cm<\/li>\n<p><\/p>","protected":false},"excerpt":{"rendered":"<p>Kode: BA002 ; BA189 Beskrivelse: Kurv fra Bali med gode bruksegenskaper og vakker patina. Str\u00e5ene splittes f\u00f8r gjenstanden flettes for h\u00e5nd. Deretter blir kurven solt\u00f8rket og r\u00f8ykbehandlet. Measurement: LOM002 &#8211; Medium : Dia 35 cm LOM189 &#8211; Stor : Dia 40 cm<\/p>\n","protected":false},"featured_media":633,"template":"","meta":{"om_disable_all_campaigns":false,"_monsterinsights_skip_tracking":false,"_monsterinsights_sitenote_active":false,"_monsterinsights_sitenote_note":"","_monsterinsights_sitenote_category":0},"acf":[],"aioseo_notices":[],"_links":{"self":[{"href":"https:\/\/ecodeco-design.com\/no\/wp-json\/wp\/v2\/product\/632"}],"collection":[{"href":"https:\/\/ecodeco-design.com\/no\/wp-json\/wp\/v2\/product"}],"about":[{"href":"https:\/\/ecodeco-design.com\/no\/wp-json\/wp\/v2\/types\/product"}],"wp:featuredmedia":[{"embeddable":true,"href":"https:\/\/ecodeco-design.com\/no\/wp-json\/wp\/v2\/media\/633"}],"wp:attachment":[{"href":"https:\/\/ecodeco-design.com\/no\/wp-json\/wp\/v2\/media?parent=632"}],"curies":[{"name":"wp","href":"https:\/\/api.w.org\/{rel}","templated":true}]}}