{"id":609,"date":"2020-11-16T06:59:36","date_gmt":"2020-11-16T06:59:36","guid":{"rendered":"https:\/\/dev.ecodeco-design.com\/\/?post_type=product&#038;p=609"},"modified":"2025-02-26T13:40:52","modified_gmt":"2025-02-26T13:40:52","slug":"tray-with-handles","status":"publish","type":"product","link":"https:\/\/ecodeco-design.com\/no\/product\/tray-with-handles\/","title":{"rendered":"Brett med innfelt h\u00e5ndtak"},"content":{"rendered":"<p><strong>Kode:<\/strong> BA217 ; BA219 ; BA220 ; BA239<br \/>\n<strong>Beskrivelse:<\/strong><br \/>\nRektangul\u00e6re brett med innfelt h\u00e5ndtak. Kurv fra Bali med gode bruksegenskaper og vakker patina. Str\u00e5ene splittes f\u00f8r gjenstanden flettes for h\u00e5nd. Deretter blir kurven solt\u00f8rket og r\u00f8ykbehandlet.<br \/>\n<strong>M\u00e5l:<\/strong><\/p>\n<ul>\n<li>BA217 &#8211; Liten  : 20 (L) x 16 (B) x 5 (H) cm<\/li>\n<li>BA219 &#8211; Medium : 30 (L) x 22 (B) x 5 (H) cm<\/li>\n<li>BA220 &#8211; Stor  : 40 (L) x 30 (B) x 6 (H) cm<\/li>\n<li>BA239 &#8211; XL : 45 (L) x 35 (B) x 7 (H) cm<\/li>\n<\/ul>\n<p><\/p>","protected":false},"excerpt":{"rendered":"<p>Kode: BA217 ; BA219 ; BA220 ; BA239 Beskrivelse: Rektangul\u00e6re brett med innfelt h\u00e5ndtak. Kurv fra Bali med gode bruksegenskaper og vakker patina. Str\u00e5ene splittes f\u00f8r gjenstanden flettes for h\u00e5nd. Deretter blir kurven solt\u00f8rket og r\u00f8ykbehandlet. M\u00e5l: BA217 &#8211; Liten : 20 (L) x 16 (B) x 5 (H) cm BA219 &#8211; Medium : 30 [&hellip;]<\/p>\n","protected":false},"featured_media":1628,"template":"","meta":{"om_disable_all_campaigns":false,"_monsterinsights_skip_tracking":false,"_monsterinsights_sitenote_active":false,"_monsterinsights_sitenote_note":"","_monsterinsights_sitenote_category":0},"acf":[],"aioseo_notices":[],"_links":{"self":[{"href":"https:\/\/ecodeco-design.com\/no\/wp-json\/wp\/v2\/product\/609"}],"collection":[{"href":"https:\/\/ecodeco-design.com\/no\/wp-json\/wp\/v2\/product"}],"about":[{"href":"https:\/\/ecodeco-design.com\/no\/wp-json\/wp\/v2\/types\/product"}],"wp:featuredmedia":[{"embeddable":true,"href":"https:\/\/ecodeco-design.com\/no\/wp-json\/wp\/v2\/media\/1628"}],"wp:attachment":[{"href":"https:\/\/ecodeco-design.com\/no\/wp-json\/wp\/v2\/media?parent=609"}],"curies":[{"name":"wp","href":"https:\/\/api.w.org\/{rel}","templated":true}]}}