{"id":596,"date":"2020-11-16T06:52:01","date_gmt":"2020-11-16T06:52:01","guid":{"rendered":"https:\/\/dev.ecodeco-design.com\/\/?post_type=product&#038;p=596"},"modified":"2025-02-26T13:35:50","modified_gmt":"2025-02-26T13:35:50","slug":"pizza-tray-xl","status":"publish","type":"product","link":"https:\/\/ecodeco-design.com\/no\/product\/pizza-tray-xl\/","title":{"rendered":"Brett rundt"},"content":{"rendered":"<p><strong>Kode:<\/strong> BA021 ; BA059 ; BA038<br \/>\n<strong>Beskrivelse:<\/strong><br \/>\nElegant serveringsfat eller pizzabrett. Kurv fra Bali med gode bruksegenskaper og vakker patina. Str\u00e5ene splittes f\u00f8r gjenstanden flettes for h\u00e5nd. Deretter blir kurven solt\u00f8rket og r\u00f8ykbehandlet.<br \/>\n<strong>M\u00e5l:<\/strong><\/p>\n<ul>\n<li>BA021 &#8211; Liten : 32 (dia) x 3 (H) cm<\/li>\n<li>BA059 &#8211; Medium : 38 (dia) x 3 (H) cm<\/li>\n<li>BA038 &#8211; Stor : 45 (dia) x 4 (H) cm<\/li>\n<\/ul>\n<p><\/p>","protected":false},"excerpt":{"rendered":"<p>Kode: BA021 ; BA059 ; BA038 Beskrivelse: Elegant serveringsfat eller pizzabrett. Kurv fra Bali med gode bruksegenskaper og vakker patina. Str\u00e5ene splittes f\u00f8r gjenstanden flettes for h\u00e5nd. Deretter blir kurven solt\u00f8rket og r\u00f8ykbehandlet. M\u00e5l: BA021 &#8211; Liten : 32 (dia) x 3 (H) cm BA059 &#8211; Medium : 38 (dia) x 3 (H) cm BA038 [&hellip;]<\/p>\n","protected":false},"featured_media":1631,"template":"","meta":{"om_disable_all_campaigns":false,"_monsterinsights_skip_tracking":false,"_monsterinsights_sitenote_active":false,"_monsterinsights_sitenote_note":"","_monsterinsights_sitenote_category":0},"acf":[],"aioseo_notices":[],"_links":{"self":[{"href":"https:\/\/ecodeco-design.com\/no\/wp-json\/wp\/v2\/product\/596"}],"collection":[{"href":"https:\/\/ecodeco-design.com\/no\/wp-json\/wp\/v2\/product"}],"about":[{"href":"https:\/\/ecodeco-design.com\/no\/wp-json\/wp\/v2\/types\/product"}],"wp:featuredmedia":[{"embeddable":true,"href":"https:\/\/ecodeco-design.com\/no\/wp-json\/wp\/v2\/media\/1631"}],"wp:attachment":[{"href":"https:\/\/ecodeco-design.com\/no\/wp-json\/wp\/v2\/media?parent=596"}],"curies":[{"name":"wp","href":"https:\/\/api.w.org\/{rel}","templated":true}]}}