{"id":577,"date":"2020-11-16T06:25:58","date_gmt":"2020-11-16T06:25:58","guid":{"rendered":"https:\/\/dev.ecodeco-design.com\/\/?post_type=product&#038;p=577"},"modified":"2022-07-26T11:45:53","modified_gmt":"2022-07-26T11:45:53","slug":"oval-shaped-triangular-design-basket","status":"publish","type":"product","link":"https:\/\/ecodeco-design.com\/no\/product\/oval-shaped-triangular-design-basket\/","title":{"rendered":"Bolle triangel oval"},"content":{"rendered":"<p><strong>Kode:<\/strong> BA019<br \/>\n<strong>Beskrivelse:<\/strong><br \/>\nKurv fra Bali med gode bruksegenskaper og vakker patina. Str\u00e5ene splittes f\u00f8r gjenstanden flettes for h\u00e5nd. Deretter blir kurven solt\u00f8rket og r\u00f8ykbehandlet.<br \/>\n<strong>M\u00e5l:<\/strong><br \/>\n30 (L) x 24 (B) x 7 (H) cm <\/p>","protected":false},"excerpt":{"rendered":"<p>Kode: BA019 Beskrivelse: Kurv fra Bali med gode bruksegenskaper og vakker patina. Str\u00e5ene splittes f\u00f8r gjenstanden flettes for h\u00e5nd. Deretter blir kurven solt\u00f8rket og r\u00f8ykbehandlet. M\u00e5l: 30 (L) x 24 (B) x 7 (H) cm<\/p>\n","protected":false},"featured_media":1710,"template":"","meta":{"om_disable_all_campaigns":false,"_monsterinsights_skip_tracking":false,"_monsterinsights_sitenote_active":false,"_monsterinsights_sitenote_note":"","_monsterinsights_sitenote_category":0},"acf":[],"aioseo_notices":[],"_links":{"self":[{"href":"https:\/\/ecodeco-design.com\/no\/wp-json\/wp\/v2\/product\/577"}],"collection":[{"href":"https:\/\/ecodeco-design.com\/no\/wp-json\/wp\/v2\/product"}],"about":[{"href":"https:\/\/ecodeco-design.com\/no\/wp-json\/wp\/v2\/types\/product"}],"wp:featuredmedia":[{"embeddable":true,"href":"https:\/\/ecodeco-design.com\/no\/wp-json\/wp\/v2\/media\/1710"}],"wp:attachment":[{"href":"https:\/\/ecodeco-design.com\/no\/wp-json\/wp\/v2\/media?parent=577"}],"curies":[{"name":"wp","href":"https:\/\/api.w.org\/{rel}","templated":true}]}}