{"id":559,"date":"2020-11-16T05:56:39","date_gmt":"2020-11-16T05:56:39","guid":{"rendered":"https:\/\/dev.ecodeco-design.com\/\/?post_type=product&#038;p=559"},"modified":"2022-07-24T15:15:42","modified_gmt":"2022-07-24T15:15:42","slug":"large-basket","status":"publish","type":"product","link":"https:\/\/ecodeco-design.com\/no\/product\/large-basket\/","title":{"rendered":"B\u00f8tte \/ potteskjuler"},"content":{"rendered":"<p><strong>Kode:<\/strong> BA204<br \/>\n<strong>Beskrivelse:<\/strong><br \/>\nKurv fra Bali med gode bruksegenskaper og vakker patina. Str\u00e5ene splittes f\u00f8r gjenstanden flettes for h\u00e5nd. Deretter blir kurven solt\u00f8rket og r\u00f8ykbehandlet.<br \/>\n<strong>M\u00e5l<\/strong>:<br \/>\n12\/16 (dia) x 12 (H) cm<\/p>","protected":false},"excerpt":{"rendered":"<p>Kode: BA204 Beskrivelse: Kurv fra Bali med gode bruksegenskaper og vakker patina. Str\u00e5ene splittes f\u00f8r gjenstanden flettes for h\u00e5nd. Deretter blir kurven solt\u00f8rket og r\u00f8ykbehandlet. M\u00e5l: 12\/16 (dia) x 12 (H) cm<\/p>\n","protected":false},"featured_media":560,"template":"","meta":{"om_disable_all_campaigns":false,"_monsterinsights_skip_tracking":false,"_monsterinsights_sitenote_active":false,"_monsterinsights_sitenote_note":"","_monsterinsights_sitenote_category":0},"acf":[],"aioseo_notices":[],"_links":{"self":[{"href":"https:\/\/ecodeco-design.com\/no\/wp-json\/wp\/v2\/product\/559"}],"collection":[{"href":"https:\/\/ecodeco-design.com\/no\/wp-json\/wp\/v2\/product"}],"about":[{"href":"https:\/\/ecodeco-design.com\/no\/wp-json\/wp\/v2\/types\/product"}],"wp:featuredmedia":[{"embeddable":true,"href":"https:\/\/ecodeco-design.com\/no\/wp-json\/wp\/v2\/media\/560"}],"wp:attachment":[{"href":"https:\/\/ecodeco-design.com\/no\/wp-json\/wp\/v2\/media?parent=559"}],"curies":[{"name":"wp","href":"https:\/\/api.w.org\/{rel}","templated":true}]}}