{"id":554,"date":"2020-11-16T05:53:08","date_gmt":"2020-11-16T05:53:08","guid":{"rendered":"https:\/\/dev.ecodeco-design.com\/\/?post_type=product&#038;p=554"},"modified":"2025-02-26T12:46:10","modified_gmt":"2025-02-26T12:46:10","slug":"flat-bottomed-triangular-design-basket-in-large-sizes","status":"publish","type":"product","link":"https:\/\/ecodeco-design.com\/no\/product\/flat-bottomed-triangular-design-basket-in-large-sizes\/","title":{"rendered":"Bolle triangel basic"},"content":{"rendered":"<p><strong>Kode:<\/strong> BA074 ; BA154 ; BA076<br \/>\n<strong>Beskrivelse:<\/strong><br \/>\nKurv fra Bali med gode bruksegenskaper og vakker patina. Str\u00e5ene splittes f\u00f8r gjenstanden flettes for h\u00e5nd. Deretter blir kurven solt\u00f8rket og r\u00f8ykbehandlet.<br \/>\n<strong>M\u00e5l:<\/strong> <\/p>\n<li>BA074 &#8211; Liten : 20 (dia) x 6,5 cm<\/li>\n<li>BA154 &#8211; Medium : 26 (dia) x 7 cm <\/li>\n<li>BA076 &#8211; Stor : 29 (dia) x 7 cm<\/li>\n<p><\/p>","protected":false},"excerpt":{"rendered":"<p>Kode: BA074 ; BA154 ; BA076 Beskrivelse: Kurv fra Bali med gode bruksegenskaper og vakker patina. Str\u00e5ene splittes f\u00f8r gjenstanden flettes for h\u00e5nd. Deretter blir kurven solt\u00f8rket og r\u00f8ykbehandlet. M\u00e5l: BA074 &#8211; Liten : 20 (dia) x 6,5 cm BA154 &#8211; Medium : 26 (dia) x 7 cm BA076 &#8211; Stor : 29 (dia) x [&hellip;]<\/p>\n","protected":false},"featured_media":1682,"template":"","meta":{"om_disable_all_campaigns":false,"_monsterinsights_skip_tracking":false,"_monsterinsights_sitenote_active":false,"_monsterinsights_sitenote_note":"","_monsterinsights_sitenote_category":0},"acf":[],"aioseo_notices":[],"_links":{"self":[{"href":"https:\/\/ecodeco-design.com\/no\/wp-json\/wp\/v2\/product\/554"}],"collection":[{"href":"https:\/\/ecodeco-design.com\/no\/wp-json\/wp\/v2\/product"}],"about":[{"href":"https:\/\/ecodeco-design.com\/no\/wp-json\/wp\/v2\/types\/product"}],"wp:featuredmedia":[{"embeddable":true,"href":"https:\/\/ecodeco-design.com\/no\/wp-json\/wp\/v2\/media\/1682"}],"wp:attachment":[{"href":"https:\/\/ecodeco-design.com\/no\/wp-json\/wp\/v2\/media?parent=554"}],"curies":[{"name":"wp","href":"https:\/\/api.w.org\/{rel}","templated":true}]}}