{"id":550,"date":"2020-11-16T05:47:22","date_gmt":"2020-11-16T05:47:22","guid":{"rendered":"https:\/\/dev.ecodeco-design.com\/\/?post_type=product&#038;p=550"},"modified":"2022-08-04T10:43:52","modified_gmt":"2022-08-04T10:43:52","slug":"bowl-oval-s","status":"publish","type":"product","link":"https:\/\/ecodeco-design.com\/no\/product\/bowl-oval-s\/","title":{"rendered":"Bolle oval med flat bunn"},"content":{"rendered":"<p><strong>Kode:<\/strong> BA233 ; BA234<br \/>\n<strong>Beskrivelse:<\/strong><br \/>\nKurv fra Bali med gode bruksegenskaper og vakker patina. Str\u00e5ene splittes f\u00f8r gjenstanden flettes for h\u00e5nd. Deretter blir kurven solt\u00f8rket og r\u00f8ykbehandlet.<br \/>\n<strong>M\u00e5l:<\/strong> <\/p>\n<li>Liten &#8211; 22 (L) x 16 (B) x 6 (H) cm<\/li>\n<li>Medium &#8211; 29 (L) x 19 (B) x 7 (H) cm<\/li>\n<p><\/p>","protected":false},"excerpt":{"rendered":"<p>Kode: BA233 ; BA234 Beskrivelse: Kurv fra Bali med gode bruksegenskaper og vakker patina. Str\u00e5ene splittes f\u00f8r gjenstanden flettes for h\u00e5nd. Deretter blir kurven solt\u00f8rket og r\u00f8ykbehandlet. M\u00e5l: Liten &#8211; 22 (L) x 16 (B) x 6 (H) cm Medium &#8211; 29 (L) x 19 (B) x 7 (H) cm<\/p>\n","protected":false},"featured_media":1768,"template":"","meta":{"om_disable_all_campaigns":false,"_monsterinsights_skip_tracking":false,"_monsterinsights_sitenote_active":false,"_monsterinsights_sitenote_note":"","_monsterinsights_sitenote_category":0},"acf":[],"aioseo_notices":[],"_links":{"self":[{"href":"https:\/\/ecodeco-design.com\/no\/wp-json\/wp\/v2\/product\/550"}],"collection":[{"href":"https:\/\/ecodeco-design.com\/no\/wp-json\/wp\/v2\/product"}],"about":[{"href":"https:\/\/ecodeco-design.com\/no\/wp-json\/wp\/v2\/types\/product"}],"wp:featuredmedia":[{"embeddable":true,"href":"https:\/\/ecodeco-design.com\/no\/wp-json\/wp\/v2\/media\/1768"}],"wp:attachment":[{"href":"https:\/\/ecodeco-design.com\/no\/wp-json\/wp\/v2\/media?parent=550"}],"curies":[{"name":"wp","href":"https:\/\/api.w.org\/{rel}","templated":true}]}}