{"id":544,"date":"2020-11-16T05:29:14","date_gmt":"2020-11-16T05:29:14","guid":{"rendered":"https:\/\/dev.ecodeco-design.com\/\/?post_type=product&#038;p=544"},"modified":"2022-07-27T09:45:38","modified_gmt":"2022-07-27T09:45:38","slug":"open-triangular-design-basket","status":"publish","type":"product","link":"https:\/\/ecodeco-design.com\/no\/product\/open-triangular-design-basket\/","title":{"rendered":"Kurv triangel med flat bunn"},"content":{"rendered":"<p><strong>Kode:<\/strong> BA174<br \/>\n<strong>Beskrivelse:<\/strong><br \/>\nOval kurv med triangel og flat bunn. Kurv fra Bali med gode bruksegenskaper og vakker patina. Str\u00e5ene splittes f\u00f8r gjenstanden flettes for h\u00e5nd. Deretter blir kurven solt\u00f8rket og r\u00f8ykbehandlet.<br \/>\n<strong>M\u00e5l:<\/strong><br \/>\n18 (L) x 14 (B) x 8 (H) cm<\/p>","protected":false},"excerpt":{"rendered":"<p>Kode: BA174 Beskrivelse: Oval kurv med triangel og flat bunn. Kurv fra Bali med gode bruksegenskaper og vakker patina. Str\u00e5ene splittes f\u00f8r gjenstanden flettes for h\u00e5nd. Deretter blir kurven solt\u00f8rket og r\u00f8ykbehandlet. M\u00e5l: 18 (L) x 14 (B) x 8 (H) cm<\/p>\n","protected":false},"featured_media":1709,"template":"","meta":{"om_disable_all_campaigns":false,"_monsterinsights_skip_tracking":false,"_monsterinsights_sitenote_active":false,"_monsterinsights_sitenote_note":"","_monsterinsights_sitenote_category":0},"acf":[],"aioseo_notices":[],"_links":{"self":[{"href":"https:\/\/ecodeco-design.com\/no\/wp-json\/wp\/v2\/product\/544"}],"collection":[{"href":"https:\/\/ecodeco-design.com\/no\/wp-json\/wp\/v2\/product"}],"about":[{"href":"https:\/\/ecodeco-design.com\/no\/wp-json\/wp\/v2\/types\/product"}],"wp:featuredmedia":[{"embeddable":true,"href":"https:\/\/ecodeco-design.com\/no\/wp-json\/wp\/v2\/media\/1709"}],"wp:attachment":[{"href":"https:\/\/ecodeco-design.com\/no\/wp-json\/wp\/v2\/media?parent=544"}],"curies":[{"name":"wp","href":"https:\/\/api.w.org\/{rel}","templated":true}]}}