{"id":531,"date":"2020-11-16T04:09:31","date_gmt":"2020-11-16T04:09:31","guid":{"rendered":"https:\/\/dev.ecodeco-design.com\/\/?post_type=product&#038;p=531"},"modified":"2025-02-26T12:56:58","modified_gmt":"2025-02-26T12:56:58","slug":"flat-bottomed-round-bowls-in-three-sizes","status":"publish","type":"product","link":"https:\/\/ecodeco-design.com\/no\/product\/flat-bottomed-round-bowls-in-three-sizes\/","title":{"rendered":"Bolle basic"},"content":{"rendered":"<p><strong>Kode:<\/strong> BA010 ; BA052 ; BA012 ; BA075 ; BA047<br \/>\n<strong>Beskrivelse:<\/strong><br \/>\nKurv fra Bali med gode bruksegenskaper og vakker patina. Str\u00e5ene splittes f\u00f8r gjenstanden flettes for h\u00e5nd. Deretter blir kurven solt\u00f8rket og r\u00f8ykbehandlet.<br \/>\n<strong>M\u00e5l:<\/strong> <\/p>\n<li>BA010 &#8211; XS : 14 (dia) x 4,5 (H) cm <\/li>\n<li>BA052 &#8211; Liten : 20 (dia) x 5,5 (H) cm <\/li>\n<li>BA012 &#8211; Medium : 26 (dia) x 7 (H) cm <\/li>\n<li>BA075 &#8211; Stor : 29 (dia) x 7 (H) cm <\/li>\n<li>BA047 &#8211; XL : 42 (dia) x 10 (H) cm <\/li>\n<p><\/p>","protected":false},"excerpt":{"rendered":"<p>Kode: BA010 ; BA052 ; BA012 ; BA075 ; BA047 Beskrivelse: Kurv fra Bali med gode bruksegenskaper og vakker patina. Str\u00e5ene splittes f\u00f8r gjenstanden flettes for h\u00e5nd. Deretter blir kurven solt\u00f8rket og r\u00f8ykbehandlet. M\u00e5l: BA010 &#8211; XS : 14 (dia) x 4,5 (H) cm BA052 &#8211; Liten : 20 (dia) x 5,5 (H) cm BA012 [&hellip;]<\/p>\n","protected":false},"featured_media":1762,"template":"","meta":{"om_disable_all_campaigns":false,"_monsterinsights_skip_tracking":false,"_monsterinsights_sitenote_active":false,"_monsterinsights_sitenote_note":"","_monsterinsights_sitenote_category":0},"acf":[],"aioseo_notices":[],"_links":{"self":[{"href":"https:\/\/ecodeco-design.com\/no\/wp-json\/wp\/v2\/product\/531"}],"collection":[{"href":"https:\/\/ecodeco-design.com\/no\/wp-json\/wp\/v2\/product"}],"about":[{"href":"https:\/\/ecodeco-design.com\/no\/wp-json\/wp\/v2\/types\/product"}],"wp:featuredmedia":[{"embeddable":true,"href":"https:\/\/ecodeco-design.com\/no\/wp-json\/wp\/v2\/media\/1762"}],"wp:attachment":[{"href":"https:\/\/ecodeco-design.com\/no\/wp-json\/wp\/v2\/media?parent=531"}],"curies":[{"name":"wp","href":"https:\/\/api.w.org\/{rel}","templated":true}]}}