{"id":527,"date":"2020-11-16T03:48:51","date_gmt":"2020-11-16T03:48:51","guid":{"rendered":"https:\/\/dev.ecodeco-design.com\/\/?post_type=product&#038;p=527"},"modified":"2025-02-26T13:11:24","modified_gmt":"2025-02-26T13:11:24","slug":"cones-shaped-bowl-in-two-sizes","status":"publish","type":"product","link":"https:\/\/ecodeco-design.com\/no\/product\/cones-shaped-bowl-in-two-sizes\/","title":{"rendered":"Bolle halvkule"},"content":{"rendered":"<p><strong>Kode:<\/strong> BA176 ; BA177 ; BA164 ; BA165<br \/>\n<strong>Beskrivelse:<\/strong><br \/>\nKurv fra Bali med gode bruksegenskaper og vakker patina. Str\u00e5ene splittes f\u00f8r gjenstanden flettes for h\u00e5nd. Deretter blir kurven solt\u00f8rket og r\u00f8ykbehandlet.<br \/>\n<strong>M\u00e5l:<\/strong><\/p>\n<ul>\n<li>BA176 &#8211; Sm\u00e5 : 20 (dia) x 7 (H) cm<\/li>\n<li>BA177 &#8211; Medium : 26 (dia) x 9 (H) cm<\/li>\n<li>BA164 &#8211; Stor : 30 (dia) x 12 (H) cm<\/li>\n<li>BA165 &#8211; XL : 42 (dia) x 20 (H) cm<\/li>\n<\/ul>\n<p><\/p>","protected":false},"excerpt":{"rendered":"<p>Kode: BA176 ; BA177 ; BA164 ; BA165 Beskrivelse: Kurv fra Bali med gode bruksegenskaper og vakker patina. Str\u00e5ene splittes f\u00f8r gjenstanden flettes for h\u00e5nd. Deretter blir kurven solt\u00f8rket og r\u00f8ykbehandlet. M\u00e5l: BA176 &#8211; Sm\u00e5 : 20 (dia) x 7 (H) cm BA177 &#8211; Medium : 26 (dia) x 9 (H) cm BA164 &#8211; Stor [&hellip;]<\/p>\n","protected":false},"featured_media":1770,"template":"","meta":{"om_disable_all_campaigns":false,"_monsterinsights_skip_tracking":false,"_monsterinsights_sitenote_active":false,"_monsterinsights_sitenote_note":"","_monsterinsights_sitenote_category":0},"acf":[],"aioseo_notices":[],"_links":{"self":[{"href":"https:\/\/ecodeco-design.com\/no\/wp-json\/wp\/v2\/product\/527"}],"collection":[{"href":"https:\/\/ecodeco-design.com\/no\/wp-json\/wp\/v2\/product"}],"about":[{"href":"https:\/\/ecodeco-design.com\/no\/wp-json\/wp\/v2\/types\/product"}],"wp:featuredmedia":[{"embeddable":true,"href":"https:\/\/ecodeco-design.com\/no\/wp-json\/wp\/v2\/media\/1770"}],"wp:attachment":[{"href":"https:\/\/ecodeco-design.com\/no\/wp-json\/wp\/v2\/media?parent=527"}],"curies":[{"name":"wp","href":"https:\/\/api.w.org\/{rel}","templated":true}]}}