{"id":525,"date":"2020-11-16T03:19:43","date_gmt":"2020-11-16T03:19:43","guid":{"rendered":"https:\/\/dev.ecodeco-design.com\/\/?post_type=product&#038;p=525"},"modified":"2022-07-26T11:30:49","modified_gmt":"2022-07-26T11:30:49","slug":"upright-kleenex-box","status":"publish","type":"product","link":"https:\/\/ecodeco-design.com\/no\/product\/upright-kleenex-box\/","title":{"rendered":"Kleenexboks kvadrat"},"content":{"rendered":"<p><strong>Kode:<\/strong> BA042<br \/>\n<strong>Beskrivelse:<\/strong><br \/>\nKvadratisk boks til kleenex, vatt, etc. Kurv fra Bali med gode bruksegenskaper og vakker patina. Str\u00e5ene splittes f\u00f8r gjenstanden flettes for h\u00e5nd. Deretter blir kurven solt\u00f8rket og r\u00f8ykbehandlet.<br \/>\n<strong>M\u00e5l:<\/strong><br \/>\n12 (L) x 12 (B) x 14 (H) cm<\/p>","protected":false},"excerpt":{"rendered":"<p>Kode: BA042 Beskrivelse: Kvadratisk boks til kleenex, vatt, etc. Kurv fra Bali med gode bruksegenskaper og vakker patina. Str\u00e5ene splittes f\u00f8r gjenstanden flettes for h\u00e5nd. Deretter blir kurven solt\u00f8rket og r\u00f8ykbehandlet. M\u00e5l: 12 (L) x 12 (B) x 14 (H) cm<\/p>\n","protected":false},"featured_media":526,"template":"","meta":{"om_disable_all_campaigns":false,"_monsterinsights_skip_tracking":false,"_monsterinsights_sitenote_active":false,"_monsterinsights_sitenote_note":"","_monsterinsights_sitenote_category":0},"acf":[],"aioseo_notices":[],"_links":{"self":[{"href":"https:\/\/ecodeco-design.com\/no\/wp-json\/wp\/v2\/product\/525"}],"collection":[{"href":"https:\/\/ecodeco-design.com\/no\/wp-json\/wp\/v2\/product"}],"about":[{"href":"https:\/\/ecodeco-design.com\/no\/wp-json\/wp\/v2\/types\/product"}],"wp:featuredmedia":[{"embeddable":true,"href":"https:\/\/ecodeco-design.com\/no\/wp-json\/wp\/v2\/media\/526"}],"wp:attachment":[{"href":"https:\/\/ecodeco-design.com\/no\/wp-json\/wp\/v2\/media?parent=525"}],"curies":[{"name":"wp","href":"https:\/\/api.w.org\/{rel}","templated":true}]}}