{"id":513,"date":"2020-11-16T03:11:15","date_gmt":"2020-11-16T03:11:15","guid":{"rendered":"https:\/\/dev.ecodeco-design.com\/\/?post_type=product&#038;p=513"},"modified":"2025-02-27T10:25:01","modified_gmt":"2025-02-27T10:25:01","slug":"square-boxes-with-lid","status":"publish","type":"product","link":"https:\/\/ecodeco-design.com\/no\/product\/square-boxes-with-lid\/","title":{"rendered":"Boks kvadrat med lokk"},"content":{"rendered":"<p><strong>Kode:<\/strong> BA041 ; BA136 ; BA095<br \/>\n<strong>Description:<\/strong><br \/>\nKvadratisk boks i tre st\u00f8rrelser. Med lokk og hempe. Kurv fra Bali med gode bruksegenskaper og vakker patina. Str\u00e5ene splittes f\u00f8r gjenstanden flettes for h\u00e5nd. Deretter blir kurven solt\u00f8rket og r\u00f8ykbehandlet.<br \/>\n<strong>M\u00e5l:<\/strong><\/p>\n<li>BA041 &#8211; Liten : 15 (L) x 15 (B) x 9 (H) cm <\/li>\n<li>BA136 &#8211; Medium : 23 (L) x 23 (B) x 11 (H) cm <\/li>\n<li>BA095 &#8211; Stor : 30 (L) x 30 (B) x 15 (H) cm <\/li>\n<p><\/p>","protected":false},"excerpt":{"rendered":"<p>Kode: BA041 ; BA136 ; BA095 Description: Kvadratisk boks i tre st\u00f8rrelser. Med lokk og hempe. Kurv fra Bali med gode bruksegenskaper og vakker patina. Str\u00e5ene splittes f\u00f8r gjenstanden flettes for h\u00e5nd. Deretter blir kurven solt\u00f8rket og r\u00f8ykbehandlet. M\u00e5l: BA041 &#8211; Liten : 15 (L) x 15 (B) x 9 (H) cm BA136 &#8211; Medium [&hellip;]<\/p>\n","protected":false},"featured_media":514,"template":"","meta":{"om_disable_all_campaigns":false,"_monsterinsights_skip_tracking":false,"_monsterinsights_sitenote_active":false,"_monsterinsights_sitenote_note":"","_monsterinsights_sitenote_category":0},"acf":[],"aioseo_notices":[],"_links":{"self":[{"href":"https:\/\/ecodeco-design.com\/no\/wp-json\/wp\/v2\/product\/513"}],"collection":[{"href":"https:\/\/ecodeco-design.com\/no\/wp-json\/wp\/v2\/product"}],"about":[{"href":"https:\/\/ecodeco-design.com\/no\/wp-json\/wp\/v2\/types\/product"}],"wp:featuredmedia":[{"embeddable":true,"href":"https:\/\/ecodeco-design.com\/no\/wp-json\/wp\/v2\/media\/514"}],"wp:attachment":[{"href":"https:\/\/ecodeco-design.com\/no\/wp-json\/wp\/v2\/media?parent=513"}],"curies":[{"name":"wp","href":"https:\/\/api.w.org\/{rel}","templated":true}]}}