{"id":503,"date":"2020-11-16T03:03:55","date_gmt":"2020-11-16T03:03:55","guid":{"rendered":"https:\/\/dev.ecodeco-design.com\/\/?post_type=product&#038;p=503"},"modified":"2022-07-26T10:55:14","modified_gmt":"2022-07-26T10:55:14","slug":"norwegian-round-box-with-opening-ideal-for-tissue-etc","status":"publish","type":"product","link":"https:\/\/ecodeco-design.com\/no\/product\/norwegian-round-box-with-opening-ideal-for-tissue-etc\/","title":{"rendered":"Vattboks"},"content":{"rendered":"<p><strong>Kode:<\/strong> BA005<br \/>\n<strong>Beskrivelse:<\/strong><br \/>\nRund boks med \u00e5pning i lokket. Ideell som vattboks, etc. Kurv fra Bali med gode bruksegenskaper og vakker patina. Str\u00e5ene splittes f\u00f8r gjenstanden flettes for h\u00e5nd. Deretter blir kurven solt\u00f8rket og r\u00f8ykbehandlet.<br \/>\n<strong>Measurement:<\/strong><br \/>\nDia 12 x 12 (H) cm<\/p>","protected":false},"excerpt":{"rendered":"<p>Kode: BA005 Beskrivelse: Rund boks med \u00e5pning i lokket. Ideell som vattboks, etc. Kurv fra Bali med gode bruksegenskaper og vakker patina. Str\u00e5ene splittes f\u00f8r gjenstanden flettes for h\u00e5nd. Deretter blir kurven solt\u00f8rket og r\u00f8ykbehandlet. Measurement: Dia 12 x 12 (H) cm<\/p>\n","protected":false},"featured_media":504,"template":"","meta":{"om_disable_all_campaigns":false,"_monsterinsights_skip_tracking":false,"_monsterinsights_sitenote_active":false,"_monsterinsights_sitenote_note":"","_monsterinsights_sitenote_category":0},"acf":[],"aioseo_notices":[],"_links":{"self":[{"href":"https:\/\/ecodeco-design.com\/no\/wp-json\/wp\/v2\/product\/503"}],"collection":[{"href":"https:\/\/ecodeco-design.com\/no\/wp-json\/wp\/v2\/product"}],"about":[{"href":"https:\/\/ecodeco-design.com\/no\/wp-json\/wp\/v2\/types\/product"}],"wp:featuredmedia":[{"embeddable":true,"href":"https:\/\/ecodeco-design.com\/no\/wp-json\/wp\/v2\/media\/504"}],"wp:attachment":[{"href":"https:\/\/ecodeco-design.com\/no\/wp-json\/wp\/v2\/media?parent=503"}],"curies":[{"name":"wp","href":"https:\/\/api.w.org\/{rel}","templated":true}]}}