{"id":497,"date":"2020-11-16T02:59:39","date_gmt":"2020-11-16T02:59:39","guid":{"rendered":"https:\/\/dev.ecodeco-design.com\/\/?post_type=product&#038;p=497"},"modified":"2025-02-26T12:13:26","modified_gmt":"2025-02-26T12:13:26","slug":"rectangular-storage-box-with-inlaid-handles","status":"publish","type":"product","link":"https:\/\/ecodeco-design.com\/no\/product\/rectangular-storage-box-with-inlaid-handles\/","title":{"rendered":"Oppbevaringsboks med innfelt h\u00e5ndtak liten \/ lang"},"content":{"rendered":"<p><strong>kode:<\/strong> BA188 ; BA187<br \/>\n<strong>Beskrivese:<\/strong> Rektangul\u00e6r oppbevaringsboks i to st\u00f8rrelser. Kurv fra Bali med gode bruksegenskaper og vakker patina. Str\u00e5ene splittes f\u00f8r gjenstanden flettes for h\u00e5nd. Deretter blir kurven solt\u00f8rket og r\u00f8ykbehandlet.<br \/>\n<strong>M\u00e5l:<\/strong><\/p>\n<li>BA188 &#8211; Liten : 20 (L) x 15 (B) x 13 (H) cm<\/li>\n<li>BA187 &#8211; Lang : 30 (L) x 15 (B) x 13 (H) cm <\/li>\n<p><\/p>","protected":false},"excerpt":{"rendered":"<p>kode: BA188 ; BA187 Beskrivese: Rektangul\u00e6r oppbevaringsboks i to st\u00f8rrelser. Kurv fra Bali med gode bruksegenskaper og vakker patina. Str\u00e5ene splittes f\u00f8r gjenstanden flettes for h\u00e5nd. Deretter blir kurven solt\u00f8rket og r\u00f8ykbehandlet. M\u00e5l: BA188 &#8211; Liten : 20 (L) x 15 (B) x 13 (H) cm BA187 &#8211; Lang : 30 (L) x 15 (B) [&hellip;]<\/p>\n","protected":false},"featured_media":498,"template":"","meta":{"om_disable_all_campaigns":false,"_monsterinsights_skip_tracking":false,"_monsterinsights_sitenote_active":false,"_monsterinsights_sitenote_note":"","_monsterinsights_sitenote_category":0},"acf":[],"aioseo_notices":[],"_links":{"self":[{"href":"https:\/\/ecodeco-design.com\/no\/wp-json\/wp\/v2\/product\/497"}],"collection":[{"href":"https:\/\/ecodeco-design.com\/no\/wp-json\/wp\/v2\/product"}],"about":[{"href":"https:\/\/ecodeco-design.com\/no\/wp-json\/wp\/v2\/types\/product"}],"wp:featuredmedia":[{"embeddable":true,"href":"https:\/\/ecodeco-design.com\/no\/wp-json\/wp\/v2\/media\/498"}],"wp:attachment":[{"href":"https:\/\/ecodeco-design.com\/no\/wp-json\/wp\/v2\/media?parent=497"}],"curies":[{"name":"wp","href":"https:\/\/api.w.org\/{rel}","templated":true}]}}