{"id":491,"date":"2020-11-16T02:55:42","date_gmt":"2020-11-16T02:55:42","guid":{"rendered":"https:\/\/dev.ecodeco-design.com\/\/?post_type=product&#038;p=491"},"modified":"2022-07-27T13:56:22","modified_gmt":"2022-07-27T13:56:22","slug":"rectangular-open-box-with-inlaid-handles","status":"publish","type":"product","link":"https:\/\/ecodeco-design.com\/no\/product\/rectangular-open-box-with-inlaid-handles\/","title":{"rendered":"Oppbevaringsboks stor med innfelt h\u00e5ndtak"},"content":{"rendered":"<p><strong>Kode:<\/strong> BA163<br \/>\n<strong>Beskrivelse:<\/strong><br \/>\nFin rektangul\u00e6r oppbevaringsboks til tidsskrifter, dokumenter og annen oppbevaring. Kurv fra Bali med gode bruksegenskaper og vakker patina. Str\u00e5ene splittes f\u00f8r gjenstanden flettes for h\u00e5nd. Deretter blir kurven solt\u00f8rket og r\u00f8ykbehandlet.<br \/>\n<strong>M\u00e5l:<\/strong><br \/>\n34 (L) x 26 (B) x 14 (H) cm<\/p>","protected":false},"excerpt":{"rendered":"<p>Kode: BA163 Beskrivelse: Fin rektangul\u00e6r oppbevaringsboks til tidsskrifter, dokumenter og annen oppbevaring. Kurv fra Bali med gode bruksegenskaper og vakker patina. Str\u00e5ene splittes f\u00f8r gjenstanden flettes for h\u00e5nd. Deretter blir kurven solt\u00f8rket og r\u00f8ykbehandlet. M\u00e5l: 34 (L) x 26 (B) x 14 (H) cm<\/p>\n","protected":false},"featured_media":492,"template":"","meta":{"om_disable_all_campaigns":false,"_monsterinsights_skip_tracking":false,"_monsterinsights_sitenote_active":false,"_monsterinsights_sitenote_note":"","_monsterinsights_sitenote_category":0},"acf":[],"aioseo_notices":[],"_links":{"self":[{"href":"https:\/\/ecodeco-design.com\/no\/wp-json\/wp\/v2\/product\/491"}],"collection":[{"href":"https:\/\/ecodeco-design.com\/no\/wp-json\/wp\/v2\/product"}],"about":[{"href":"https:\/\/ecodeco-design.com\/no\/wp-json\/wp\/v2\/types\/product"}],"wp:featuredmedia":[{"embeddable":true,"href":"https:\/\/ecodeco-design.com\/no\/wp-json\/wp\/v2\/media\/492"}],"wp:attachment":[{"href":"https:\/\/ecodeco-design.com\/no\/wp-json\/wp\/v2\/media?parent=491"}],"curies":[{"name":"wp","href":"https:\/\/api.w.org\/{rel}","templated":true}]}}