{"id":489,"date":"2020-11-16T02:53:29","date_gmt":"2020-11-16T02:53:29","guid":{"rendered":"https:\/\/dev.ecodeco-design.com\/\/?post_type=product&#038;p=489"},"modified":"2022-07-25T17:26:11","modified_gmt":"2022-07-25T17:26:11","slug":"rectangular-open-box-with-inlade-handles-s","status":"publish","type":"product","link":"https:\/\/ecodeco-design.com\/no\/product\/rectangular-open-box-with-inlade-handles-s\/","title":{"rendered":"Oppbevaringsboks smal med innfelt h\u00e5ndtak"},"content":{"rendered":"<p><strong>Kode:<\/strong> BA235<br \/>\n<strong>Beskrivelse:<\/strong><br \/>\nKurv fra Bali med gode bruksegenskaper og vakker patina. Str\u00e5ene splittes f\u00f8r gjenstanden flettes for h\u00e5nd. Deretter blir kurven solt\u00f8rket og r\u00f8ykbehandlet.<br \/>\n<strong>M\u00e5l:<\/strong><br \/>\n24 (L) x 10 (B) x 10 (H) cm<br \/>\n<\/p>","protected":false},"excerpt":{"rendered":"<p>Kode: BA235 Beskrivelse: Kurv fra Bali med gode bruksegenskaper og vakker patina. Str\u00e5ene splittes f\u00f8r gjenstanden flettes for h\u00e5nd. Deretter blir kurven solt\u00f8rket og r\u00f8ykbehandlet. M\u00e5l: 24 (L) x 10 (B) x 10 (H) cm<\/p>\n","protected":false},"featured_media":490,"template":"","meta":{"om_disable_all_campaigns":false,"_monsterinsights_skip_tracking":false,"_monsterinsights_sitenote_active":false,"_monsterinsights_sitenote_note":"","_monsterinsights_sitenote_category":0},"acf":[],"aioseo_notices":[],"_links":{"self":[{"href":"https:\/\/ecodeco-design.com\/no\/wp-json\/wp\/v2\/product\/489"}],"collection":[{"href":"https:\/\/ecodeco-design.com\/no\/wp-json\/wp\/v2\/product"}],"about":[{"href":"https:\/\/ecodeco-design.com\/no\/wp-json\/wp\/v2\/types\/product"}],"wp:featuredmedia":[{"embeddable":true,"href":"https:\/\/ecodeco-design.com\/no\/wp-json\/wp\/v2\/media\/490"}],"wp:attachment":[{"href":"https:\/\/ecodeco-design.com\/no\/wp-json\/wp\/v2\/media?parent=489"}],"curies":[{"name":"wp","href":"https:\/\/api.w.org\/{rel}","templated":true}]}}