{"id":483,"date":"2020-11-16T02:48:44","date_gmt":"2020-11-16T02:48:44","guid":{"rendered":"https:\/\/dev.ecodeco-design.com\/\/?post_type=product&#038;p=483"},"modified":"2022-07-25T16:26:51","modified_gmt":"2022-07-25T16:26:51","slug":"rectangular-jewelry-box","status":"publish","type":"product","link":"https:\/\/ecodeco-design.com\/no\/product\/rectangular-jewelry-box\/","title":{"rendered":"Smykkeskrin rektangul\u00e6r"},"content":{"rendered":"<p><strong>Kode:<\/strong> BA026<br \/>\n<strong>Beskrivelse:<\/strong><br \/>\nRektangul\u00e6rt smykkeskrin med lokk og hempe. Kurv fra Bali med gode bruksegenskaper og vakker patina. Str\u00e5ene splittes f\u00f8r gjenstanden flettes for h\u00e5nd. Deretter blir kurven solt\u00f8rket og r\u00f8ykbehandlet.<br \/>\n<strong>M\u00e5l:<\/strong><br \/>\n13 (L) x 8 (B) x 5 (H) cm<\/p>","protected":false},"excerpt":{"rendered":"<p>Kode: BA026 Beskrivelse: Rektangul\u00e6rt smykkeskrin med lokk og hempe. Kurv fra Bali med gode bruksegenskaper og vakker patina. Str\u00e5ene splittes f\u00f8r gjenstanden flettes for h\u00e5nd. Deretter blir kurven solt\u00f8rket og r\u00f8ykbehandlet. M\u00e5l: 13 (L) x 8 (B) x 5 (H) cm<\/p>\n","protected":false},"featured_media":484,"template":"","meta":{"om_disable_all_campaigns":false,"_monsterinsights_skip_tracking":false,"_monsterinsights_sitenote_active":false,"_monsterinsights_sitenote_note":"","_monsterinsights_sitenote_category":0},"acf":[],"aioseo_notices":[],"_links":{"self":[{"href":"https:\/\/ecodeco-design.com\/no\/wp-json\/wp\/v2\/product\/483"}],"collection":[{"href":"https:\/\/ecodeco-design.com\/no\/wp-json\/wp\/v2\/product"}],"about":[{"href":"https:\/\/ecodeco-design.com\/no\/wp-json\/wp\/v2\/types\/product"}],"wp:featuredmedia":[{"embeddable":true,"href":"https:\/\/ecodeco-design.com\/no\/wp-json\/wp\/v2\/media\/484"}],"wp:attachment":[{"href":"https:\/\/ecodeco-design.com\/no\/wp-json\/wp\/v2\/media?parent=483"}],"curies":[{"name":"wp","href":"https:\/\/api.w.org\/{rel}","templated":true}]}}