{"id":477,"date":"2020-11-16T02:44:23","date_gmt":"2020-11-16T02:44:23","guid":{"rendered":"https:\/\/dev.ecodeco-design.com\/\/?post_type=product&#038;p=477"},"modified":"2022-07-26T11:07:53","modified_gmt":"2022-07-26T11:07:53","slug":"rectangular-box-with-lid-and-low-sides","status":"publish","type":"product","link":"https:\/\/ecodeco-design.com\/no\/product\/rectangular-box-with-lid-and-low-sides\/","title":{"rendered":"Skrin med lokk"},"content":{"rendered":"<p><strong>Kode:<\/strong> BA096<br \/>\n<strong>Beskrivelse:<\/strong><br \/>\nLavt skrin med lokk og hempe. Kurv fra Bali med gode bruksegenskaper og vakker patina. Str\u00e5ene splittes f\u00f8r gjenstanden flettes for h\u00e5nd. Deretter blir kurven solt\u00f8rket og r\u00f8ykbehandlet.<br \/>\n<strong>M\u00e5l:<\/strong><br \/>\n33 (L) x 24 (B) x 7 (H) cm<\/p>","protected":false},"excerpt":{"rendered":"<p>Kode: BA096 Beskrivelse: Lavt skrin med lokk og hempe. Kurv fra Bali med gode bruksegenskaper og vakker patina. Str\u00e5ene splittes f\u00f8r gjenstanden flettes for h\u00e5nd. Deretter blir kurven solt\u00f8rket og r\u00f8ykbehandlet. M\u00e5l: 33 (L) x 24 (B) x 7 (H) cm<\/p>\n","protected":false},"featured_media":478,"template":"","meta":{"om_disable_all_campaigns":false,"_monsterinsights_skip_tracking":false,"_monsterinsights_sitenote_active":false,"_monsterinsights_sitenote_note":"","_monsterinsights_sitenote_category":0},"acf":[],"aioseo_notices":[],"_links":{"self":[{"href":"https:\/\/ecodeco-design.com\/no\/wp-json\/wp\/v2\/product\/477"}],"collection":[{"href":"https:\/\/ecodeco-design.com\/no\/wp-json\/wp\/v2\/product"}],"about":[{"href":"https:\/\/ecodeco-design.com\/no\/wp-json\/wp\/v2\/types\/product"}],"wp:featuredmedia":[{"embeddable":true,"href":"https:\/\/ecodeco-design.com\/no\/wp-json\/wp\/v2\/media\/478"}],"wp:attachment":[{"href":"https:\/\/ecodeco-design.com\/no\/wp-json\/wp\/v2\/media?parent=477"}],"curies":[{"name":"wp","href":"https:\/\/api.w.org\/{rel}","templated":true}]}}