{"id":470,"date":"2020-11-16T02:39:16","date_gmt":"2020-11-16T02:39:16","guid":{"rendered":"https:\/\/dev.ecodeco-design.com\/\/?post_type=product&#038;p=470"},"modified":"2025-02-26T13:25:49","modified_gmt":"2025-02-26T13:25:49","slug":"napkin-holder","status":"publish","type":"product","link":"https:\/\/ecodeco-design.com\/no\/product\/napkin-holder\/","title":{"rendered":"Serviettholder"},"content":{"rendered":"<p><strong>Kode:<\/strong> BA240 ; BA094 ; BA121<br \/>\n<strong>Beskrivelse:<\/strong><br \/>\nServiettholdere i tre st\u00f8rrelser. Kurv fra Bali med gode bruksegenskaper og vakker patina. Str\u00e5ene splittes f\u00f8r gjenstanden flettes for h\u00e5nd. Deretter blir kurven solt\u00f8rket og r\u00f8ykbehandlet.<br \/>\n<strong>M\u00e5l:<\/strong><\/p>\n<ul>\n<li>BA240 &#8211; Cocktail : 15 (L) x 15 (L) x 4 (h) cm<\/li>\n<li>BA094 &#8211; Lunsj : 18 (L) x 18 (B) x 4 (H) cm<\/li>\n<li>BA121 &#8211; Middag : 23 (L) x 23 (B) x 4 (H) cm<\/li>\n<\/ul>\n<p><\/p>","protected":false},"excerpt":{"rendered":"<p>Kode: BA240 ; BA094 ; BA121 Beskrivelse: Serviettholdere i tre st\u00f8rrelser. Kurv fra Bali med gode bruksegenskaper og vakker patina. Str\u00e5ene splittes f\u00f8r gjenstanden flettes for h\u00e5nd. Deretter blir kurven solt\u00f8rket og r\u00f8ykbehandlet. M\u00e5l: BA240 &#8211; Cocktail : 15 (L) x 15 (L) x 4 (h) cm BA094 &#8211; Lunsj : 18 (L) x 18 [&hellip;]<\/p>\n","protected":false},"featured_media":2177,"template":"","meta":{"om_disable_all_campaigns":false,"_monsterinsights_skip_tracking":false,"_monsterinsights_sitenote_active":false,"_monsterinsights_sitenote_note":"","_monsterinsights_sitenote_category":0},"acf":[],"aioseo_notices":[],"_links":{"self":[{"href":"https:\/\/ecodeco-design.com\/no\/wp-json\/wp\/v2\/product\/470"}],"collection":[{"href":"https:\/\/ecodeco-design.com\/no\/wp-json\/wp\/v2\/product"}],"about":[{"href":"https:\/\/ecodeco-design.com\/no\/wp-json\/wp\/v2\/types\/product"}],"wp:featuredmedia":[{"embeddable":true,"href":"https:\/\/ecodeco-design.com\/no\/wp-json\/wp\/v2\/media\/2177"}],"wp:attachment":[{"href":"https:\/\/ecodeco-design.com\/no\/wp-json\/wp\/v2\/media?parent=470"}],"curies":[{"name":"wp","href":"https:\/\/api.w.org\/{rel}","templated":true}]}}