{"id":468,"date":"2020-11-16T02:38:21","date_gmt":"2020-11-16T02:38:21","guid":{"rendered":"https:\/\/dev.ecodeco-design.com\/\/?post_type=product&#038;p=468"},"modified":"2025-02-26T10:57:30","modified_gmt":"2025-02-26T10:57:30","slug":"jewelry-box-square","status":"publish","type":"product","link":"https:\/\/ecodeco-design.com\/no\/product\/jewelry-box-square\/","title":{"rendered":"Smykkeskrin kvadrat"},"content":{"rendered":"<p><strong>Kode:<\/strong> BA007<br \/>\n<strong>Beskrivelse:<\/strong><br \/>\nKvadratisk smykkeskrin med lokk og hempe. Kurv fra Bali med gode bruksegenskaper og vakker patina. Str\u00e5ene splittes f\u00f8r gjenstanden flettes for h\u00e5nd. Deretter blir kurven solt\u00f8rket og r\u00f8ykbehandlet.<br \/>\n<strong>M\u00e5l:<\/strong> <\/p>\n<li>12 (L) x 12 (B) x 6 (H) cm<\/li>\n<p><\/p>","protected":false},"excerpt":{"rendered":"<p>Kode: BA007 Beskrivelse: Kvadratisk smykkeskrin med lokk og hempe. Kurv fra Bali med gode bruksegenskaper og vakker patina. Str\u00e5ene splittes f\u00f8r gjenstanden flettes for h\u00e5nd. Deretter blir kurven solt\u00f8rket og r\u00f8ykbehandlet. M\u00e5l: 12 (L) x 12 (B) x 6 (H) cm<\/p>\n","protected":false},"featured_media":2228,"template":"","meta":{"om_disable_all_campaigns":false,"_monsterinsights_skip_tracking":false,"_monsterinsights_sitenote_active":false,"_monsterinsights_sitenote_note":"","_monsterinsights_sitenote_category":0},"acf":[],"aioseo_notices":[],"_links":{"self":[{"href":"https:\/\/ecodeco-design.com\/no\/wp-json\/wp\/v2\/product\/468"}],"collection":[{"href":"https:\/\/ecodeco-design.com\/no\/wp-json\/wp\/v2\/product"}],"about":[{"href":"https:\/\/ecodeco-design.com\/no\/wp-json\/wp\/v2\/types\/product"}],"wp:featuredmedia":[{"embeddable":true,"href":"https:\/\/ecodeco-design.com\/no\/wp-json\/wp\/v2\/media\/2228"}],"wp:attachment":[{"href":"https:\/\/ecodeco-design.com\/no\/wp-json\/wp\/v2\/media?parent=468"}],"curies":[{"name":"wp","href":"https:\/\/api.w.org\/{rel}","templated":true}]}}