{"id":462,"date":"2020-11-16T02:33:10","date_gmt":"2020-11-16T02:33:10","guid":{"rendered":"https:\/\/dev.ecodeco-design.com\/\/?post_type=product&#038;p=462"},"modified":"2022-07-25T16:03:25","modified_gmt":"2022-07-25T16:03:25","slug":"low-round-box-with-lid-and-fastener","status":"publish","type":"product","link":"https:\/\/ecodeco-design.com\/no\/product\/low-round-box-with-lid-and-fastener\/","title":{"rendered":"Boks med lokk rund \/ lav"},"content":{"rendered":"<p><strong>Kode:<\/strong> BA078<br \/>\n<strong>Beskrivelse:<\/strong><br \/>\nLav rund boks med lokk og hempe. Kurv fra Bali med gode bruksegenskaper og vakker patina. Str\u00e5ene splittes f\u00f8r gjenstanden flettes for h\u00e5nd. Deretter blir kurven solt\u00f8rket og r\u00f8ykbehandlet.<br \/>\n<strong>M\u00e5l:<\/strong><br \/>\n19 (dia) x 8 (H) cm<\/p>","protected":false},"excerpt":{"rendered":"<p>Kode: BA078 Beskrivelse: Lav rund boks med lokk og hempe. Kurv fra Bali med gode bruksegenskaper og vakker patina. Str\u00e5ene splittes f\u00f8r gjenstanden flettes for h\u00e5nd. Deretter blir kurven solt\u00f8rket og r\u00f8ykbehandlet. M\u00e5l: 19 (dia) x 8 (H) cm<\/p>\n","protected":false},"featured_media":1706,"template":"","meta":{"om_disable_all_campaigns":false,"_monsterinsights_skip_tracking":false,"_monsterinsights_sitenote_active":false,"_monsterinsights_sitenote_note":"","_monsterinsights_sitenote_category":0},"acf":[],"aioseo_notices":[],"_links":{"self":[{"href":"https:\/\/ecodeco-design.com\/no\/wp-json\/wp\/v2\/product\/462"}],"collection":[{"href":"https:\/\/ecodeco-design.com\/no\/wp-json\/wp\/v2\/product"}],"about":[{"href":"https:\/\/ecodeco-design.com\/no\/wp-json\/wp\/v2\/types\/product"}],"wp:featuredmedia":[{"embeddable":true,"href":"https:\/\/ecodeco-design.com\/no\/wp-json\/wp\/v2\/media\/1706"}],"wp:attachment":[{"href":"https:\/\/ecodeco-design.com\/no\/wp-json\/wp\/v2\/media?parent=462"}],"curies":[{"name":"wp","href":"https:\/\/api.w.org\/{rel}","templated":true}]}}