{"id":460,"date":"2020-11-16T02:32:14","date_gmt":"2020-11-16T02:32:14","guid":{"rendered":"https:\/\/dev.ecodeco-design.com\/\/?post_type=product&#038;p=460"},"modified":"2022-07-25T17:05:53","modified_gmt":"2022-07-25T17:05:53","slug":"long-rectangular-box-with-lid","status":"publish","type":"product","link":"https:\/\/ecodeco-design.com\/no\/product\/long-rectangular-box-with-lid\/","title":{"rendered":"Penneskrin med lokk"},"content":{"rendered":"<p><strong>Kode:<\/strong> BA065<br \/>\n<strong>Beskrivelse:<\/strong><br \/>\nAvlang boks med lokk og hempe. Kurv fra Bali med gode bruksegenskaper og vakker patina. Str\u00e5ene splittes f\u00f8r gjenstanden flettes for h\u00e5nd. Deretter blir kurven solt\u00f8rket og r\u00f8ykbehandlet.<br \/>\n<strong>M\u00e5l:<\/strong><br \/>\n21 (L) x 8 (B) x 5 (H) cm<\/p>","protected":false},"excerpt":{"rendered":"<p>Kode: BA065 Beskrivelse: Avlang boks med lokk og hempe. Kurv fra Bali med gode bruksegenskaper og vakker patina. Str\u00e5ene splittes f\u00f8r gjenstanden flettes for h\u00e5nd. Deretter blir kurven solt\u00f8rket og r\u00f8ykbehandlet. M\u00e5l: 21 (L) x 8 (B) x 5 (H) cm<\/p>\n","protected":false},"featured_media":461,"template":"","meta":{"om_disable_all_campaigns":false,"_monsterinsights_skip_tracking":false,"_monsterinsights_sitenote_active":false,"_monsterinsights_sitenote_note":"","_monsterinsights_sitenote_category":0},"acf":[],"aioseo_notices":[],"_links":{"self":[{"href":"https:\/\/ecodeco-design.com\/no\/wp-json\/wp\/v2\/product\/460"}],"collection":[{"href":"https:\/\/ecodeco-design.com\/no\/wp-json\/wp\/v2\/product"}],"about":[{"href":"https:\/\/ecodeco-design.com\/no\/wp-json\/wp\/v2\/types\/product"}],"wp:featuredmedia":[{"embeddable":true,"href":"https:\/\/ecodeco-design.com\/no\/wp-json\/wp\/v2\/media\/461"}],"wp:attachment":[{"href":"https:\/\/ecodeco-design.com\/no\/wp-json\/wp\/v2\/media?parent=460"}],"curies":[{"name":"wp","href":"https:\/\/api.w.org\/{rel}","templated":true}]}}